{"id":2178,"date":"2021-03-23T23:35:13","date_gmt":"2021-03-24T02:35:13","guid":{"rendered":"https:\/\/isfdyt83-bue.infd.edu.ar\/sitio\/?page_id=2178"},"modified":"2026-04-09T09:15:25","modified_gmt":"2026-04-09T12:15:25","slug":"becas-progresar-2026","status":"publish","type":"page","link":"https:\/\/isfdyt83-bue.infd.edu.ar\/sitio\/becas-progresar-2026\/","title":{"rendered":"Becas Progresar 2026"},"content":{"rendered":"\n<p><\/p>\n\n\n\n<p>Informaci\u00f3n 2026. <a href=\"https:\/\/www.boletinoficial.gob.ar\/detalleAviso\/primera\/340001\/20260327\">https:\/\/www.boletinoficial.gob.ar\/detalleAviso\/primera\/340001\/20260327<\/a><\/p>\n\n\n\n<p class=\"has-text-align-center\"><strong>La inscripci\u00f3n para la l\u00ednea de becas en el nivel superior es desde el 6 al 30 de abril de 2026<\/strong> <\/p>\n\n\n\n<p class=\"has-text-align-center has-text-color\" style=\"color:#d02e2e\">Para la inscripci\u00f3n se necesitara tener acceso a la app Mi Argentina, por lo que se recomienda hacer el blanqueo la clave ya que se solicitara como el primer paso a realizar  <\/p>\n\n\n\n<p class=\"has-text-align-center\">.<\/p>\n\n\n\n<p class=\"has-text-align-center\">Inscripci\u00f3n: Para iniciar el proceso, las y los postulantes deber\u00e1n contar con un usuario propio en Mi Argentina. Este paso es fundamental para certificar la identidad de forma directa y sin intermediarios.<br>Requisitos: Se mantienen vigentes las condiciones de edad e ingresos, as\u00ed como la acreditaci\u00f3n de asistencia y avance acad\u00e9mico.<br><\/p>\n\n\n\n<p class=\"has-text-align-center\"><a href=\"https:\/\/isfdyt83-bue.infd.edu.ar\/sitio\/wp-content\/uploads\/2026\/04\/3-Instructivo-de-inscripcion-Superior-2026.pdf\"><strong>Instructivo para la inscripci\u00f3n<\/strong><\/a><\/p>\n\n\n\n<p class=\"has-text-align-center\"><strong><a href=\"https:\/\/isfdyt83-bue.infd.edu.ar\/sitio\/wp-content\/uploads\/2026\/04\/4-Brief-Progresar-Superior-2026_Baja.pdf\">Informaci\u00f3n y requisitos<\/a><\/strong><\/p>\n\n\n\n<p class=\"has-text-align-center\"><a href=\"https:\/\/www.argentina.gob.ar\/educacion\/progresar\">https:\/\/www.argentina.gob.ar\/educacion\/progresar<\/a><\/p>\n","protected":false},"excerpt":{"rendered":"<p>Informaci\u00f3n 2026. https:\/\/www.boletinoficial.gob.ar\/detalleAviso\/primera\/340001\/20260327 La inscripci\u00f3n para la l\u00ednea de becas en el nivel superior es desde el 6 al 30 de abril de 2026 Para la inscripci\u00f3n se necesitara tener acceso a la app Mi Argentina, por lo que se recomienda hacer el blanqueo la clave ya que se solicitara como el primer paso a &#8230; <a title=\"Becas Progresar 2026\" class=\"read-more\" href=\"https:\/\/isfdyt83-bue.infd.edu.ar\/sitio\/becas-progresar-2026\/\" aria-label=\"More on Becas Progresar 2026\">[+]<\/a><\/p>\n","protected":false},"author":27,"featured_media":0,"parent":0,"menu_order":0,"comment_status":"closed","ping_status":"closed","template":"","meta":[],"acf":[],"_links":{"self":[{"href":"https:\/\/isfdyt83-bue.infd.edu.ar\/sitio\/wp-json\/wp\/v2\/pages\/2178"}],"collection":[{"href":"https:\/\/isfdyt83-bue.infd.edu.ar\/sitio\/wp-json\/wp\/v2\/pages"}],"about":[{"href":"https:\/\/isfdyt83-bue.infd.edu.ar\/sitio\/wp-json\/wp\/v2\/types\/page"}],"author":[{"embeddable":true,"href":"https:\/\/isfdyt83-bue.infd.edu.ar\/sitio\/wp-json\/wp\/v2\/users\/27"}],"replies":[{"embeddable":true,"href":"https:\/\/isfdyt83-bue.infd.edu.ar\/sitio\/wp-json\/wp\/v2\/comments?post=2178"}],"version-history":[{"count":12,"href":"https:\/\/isfdyt83-bue.infd.edu.ar\/sitio\/wp-json\/wp\/v2\/pages\/2178\/revisions"}],"predecessor-version":[{"id":5221,"href":"https:\/\/isfdyt83-bue.infd.edu.ar\/sitio\/wp-json\/wp\/v2\/pages\/2178\/revisions\/5221"}],"wp:attachment":[{"href":"https:\/\/isfdyt83-bue.infd.edu.ar\/sitio\/wp-json\/wp\/v2\/media?parent=2178"}],"curies":[{"name":"wp","href":"https:\/\/api.w.org\/{rel}","templated":true}]}}