{"id":2194,"date":"2021-04-05T16:20:09","date_gmt":"2021-04-05T19:20:09","guid":{"rendered":"https:\/\/isfdyt83-bue.infd.edu.ar\/sitio\/?page_id=2194"},"modified":"2026-03-04T13:26:19","modified_gmt":"2026-03-04T16:26:19","slug":"solicitud-de-equivalencias-2021","status":"publish","type":"page","link":"https:\/\/isfdyt83-bue.infd.edu.ar\/sitio\/solicitud-de-equivalencias-2021\/","title":{"rendered":"Solicitud de Equivalencias 2026"},"content":{"rendered":"<p><strong>Solicitud de Equivalencia 2026<\/strong><\/p>\n<p><a href=\"https:\/\/isfdyt70-bue.infd.edu.ar\/sitio\/wp-content\/uploads\/2020\/05\/PROCEDIMIENTO-DE-SLICITUD-DE-EQUIVALENCIAS.docx\"><strong>PROCEDIMIENTO PARA EQUIVALENCIAS<\/strong><\/a><\/p>\n<p><strong>Para la solicitud de reconocimiento\u00a0 no podr\u00e1 exceder los seis \u00faltimos a\u00f1os desde la fecha de acreditaci\u00f3n final.<\/strong><\/p>\n<p>El alumno\/a que solicite equivalencias debe presentar:<\/p>\n<ul>\n<li>\u00a0Resumen de solicitud de equivalencia. <a href=\"https:\/\/isfdyt83-bue.infd.edu.ar\/sitio\/wp-content\/uploads\/2021\/04\/equivalenciaresumen.pdf\"><strong><em>Descargar aqu\u00ed<\/em><\/strong><\/a><\/li>\n<li><\/li>\n<li>Solicitud de equivalencia por unidad curricular\/materia.<a href=\"https:\/\/isfdyt83-bue.infd.edu.ar\/sitio\/wp-content\/uploads\/2021\/04\/equivalencia_asignatura.pdf\"><strong><em> Descargar aqu\u00ed<\/em><\/strong><\/a><\/li>\n<li><\/li>\n<li>Anal\u00edtico de materias aprobadas en original extendido por la instituci\u00f3n de Educaci\u00f3n Superior que corresponda o fotocopia autenticada de t\u00edtulo.<\/li>\n<li>Los programas de las materias que presenta para el otorgamiento de la equivalencia deber\u00e1n estar certificados (foliados, con nota, fecha y firma original de personal jer\u00e1rquico)<\/li>\n<\/ul>\n<p>Toda la documentaci\u00f3n se entregar\u00e1 a Preceptor\u00eda\/Secretar\u00eda de forma presencial<\/p>\n<p>Preceptor\u00eda\/Secretar\u00eda recibe la documentaci\u00f3n que entrega el alumno\/a verificando que est\u00e9 completa y entrega al Profesor\/a que corresponda para evaluar dicha solicitud.<\/p>\n<ul>\n<li><strong><em><sub>Los <\/sub><\/em><\/strong><strong><em>pedidos de Solicitud se recibir\u00e1n desde el d\u00eda 16 de Marzo hasta el 30 de Abril.<\/em><\/strong><\/li>\n<li><strong><em>La Instituci\u00f3n informar\u00e1 al estudiante el resultado de la solicitud de\u00a0 Equivalencia, en 72 hs.\u00a0 de recibida la documentaci\u00f3n completa.<\/em><\/strong><\/li>\n<\/ul>\n<p><strong><em>\u00a0<\/em><\/strong><\/p>\n<p><strong><em>\u00a0<\/em><\/strong><\/p>\n<p><strong><em>\u00a0<\/em><\/strong><\/p>\n<p><strong><em>PROCEDIMIENTO SOLICITUD DE EQUIVALENCIAS &#8211;\u00a0 <a href=\"https:\/\/isfdyt83-bue.infd.edu.ar\/sitio\/wp-content\/uploads\/2021\/04\/procedimiento-equivalencias-83.pdf\">Descargar\u00a0<\/a><\/em><\/strong><b><i>Aqu\u00ed<\/i><\/b><\/p>\n","protected":false},"excerpt":{"rendered":"<p>Solicitud de Equivalencia 2026 PROCEDIMIENTO PARA EQUIVALENCIAS Para la solicitud de reconocimiento\u00a0 no podr\u00e1 exceder los seis \u00faltimos a\u00f1os desde la fecha de acreditaci\u00f3n final. El alumno\/a que solicite equivalencias debe presentar: \u00a0Resumen de solicitud de equivalencia. Descargar aqu\u00ed Solicitud de equivalencia por unidad curricular\/materia. Descargar aqu\u00ed Anal\u00edtico de materias aprobadas en original extendido por &#8230; <a title=\"Solicitud de Equivalencias 2026\" class=\"read-more\" href=\"https:\/\/isfdyt83-bue.infd.edu.ar\/sitio\/solicitud-de-equivalencias-2021\/\" aria-label=\"More on Solicitud de Equivalencias 2026\">[+]<\/a><\/p>\n","protected":false},"author":27,"featured_media":0,"parent":0,"menu_order":0,"comment_status":"closed","ping_status":"closed","template":"","meta":[],"acf":[],"_links":{"self":[{"href":"https:\/\/isfdyt83-bue.infd.edu.ar\/sitio\/wp-json\/wp\/v2\/pages\/2194"}],"collection":[{"href":"https:\/\/isfdyt83-bue.infd.edu.ar\/sitio\/wp-json\/wp\/v2\/pages"}],"about":[{"href":"https:\/\/isfdyt83-bue.infd.edu.ar\/sitio\/wp-json\/wp\/v2\/types\/page"}],"author":[{"embeddable":true,"href":"https:\/\/isfdyt83-bue.infd.edu.ar\/sitio\/wp-json\/wp\/v2\/users\/27"}],"replies":[{"embeddable":true,"href":"https:\/\/isfdyt83-bue.infd.edu.ar\/sitio\/wp-json\/wp\/v2\/comments?post=2194"}],"version-history":[{"count":11,"href":"https:\/\/isfdyt83-bue.infd.edu.ar\/sitio\/wp-json\/wp\/v2\/pages\/2194\/revisions"}],"predecessor-version":[{"id":5088,"href":"https:\/\/isfdyt83-bue.infd.edu.ar\/sitio\/wp-json\/wp\/v2\/pages\/2194\/revisions\/5088"}],"wp:attachment":[{"href":"https:\/\/isfdyt83-bue.infd.edu.ar\/sitio\/wp-json\/wp\/v2\/media?parent=2194"}],"curies":[{"name":"wp","href":"https:\/\/api.w.org\/{rel}","templated":true}]}}