{"id":2329,"date":"2021-06-07T11:00:30","date_gmt":"2021-06-07T14:00:30","guid":{"rendered":"https:\/\/isfdyt83-bue.infd.edu.ar\/sitio\/?page_id=2329"},"modified":"2021-06-07T16:57:59","modified_gmt":"2021-06-07T19:57:59","slug":"suspension-de-actividades-por-duelo","status":"publish","type":"page","link":"https:\/\/isfdyt83-bue.infd.edu.ar\/sitio\/suspension-de-actividades-por-duelo\/","title":{"rendered":"Suspensi\u00f3n de Actividades por duelo"},"content":{"rendered":"<h2>Estimados Colegas y Estudiantes:<\/h2>\n<p>&nbsp;<\/p>\n<p><img decoding=\"async\" loading=\"lazy\" class=\"aligncenter\" src=\"https:\/\/isfdyt83-bue.infd.edu.ar\/sitio\/wp-content\/uploads\/2021\/06\/WhatsApp-Image-2021-06-07-at-12.44.22-PM.jpeg\" width=\"433\" height=\"433\" \/><\/p>\n<p>&nbsp;<\/p>\n<h2>Lamentamos informar el fallecimiento de la estudiante Camila Sosa, se encontraba cursando la Tecnicatura en Administraci\u00f3n de Documentos y Archivos. Lamentamos mucho esta noticia que nos conmociona a todos y nos llena de tristeza.<br \/>\nPara el d\u00eda de hoy, 7 de junio, se ha definido suspensi\u00f3n de actividades.<\/h2>\n<h2>Acompa\u00f1amos a la familia en este d\u00eda tan terrible.<\/h2>\n<h2>EQUIPO DIRECTIVO<\/h2>\n","protected":false},"excerpt":{"rendered":"<p>Estimados Colegas y Estudiantes: &nbsp; &nbsp; Lamentamos informar el fallecimiento de la estudiante Camila Sosa, se encontraba cursando la Tecnicatura en Administraci\u00f3n de Documentos y Archivos. Lamentamos mucho esta noticia que nos conmociona a todos y nos llena de tristeza. Para el d\u00eda de hoy, 7 de junio, se ha definido suspensi\u00f3n de actividades. Acompa\u00f1amos &#8230; <a title=\"Suspensi\u00f3n de Actividades por duelo\" class=\"read-more\" href=\"https:\/\/isfdyt83-bue.infd.edu.ar\/sitio\/suspension-de-actividades-por-duelo\/\" aria-label=\"More on Suspensi\u00f3n de Actividades por duelo\">[+]<\/a><\/p>\n","protected":false},"author":27,"featured_media":0,"parent":0,"menu_order":0,"comment_status":"closed","ping_status":"closed","template":"","meta":[],"acf":[],"_links":{"self":[{"href":"https:\/\/isfdyt83-bue.infd.edu.ar\/sitio\/wp-json\/wp\/v2\/pages\/2329"}],"collection":[{"href":"https:\/\/isfdyt83-bue.infd.edu.ar\/sitio\/wp-json\/wp\/v2\/pages"}],"about":[{"href":"https:\/\/isfdyt83-bue.infd.edu.ar\/sitio\/wp-json\/wp\/v2\/types\/page"}],"author":[{"embeddable":true,"href":"https:\/\/isfdyt83-bue.infd.edu.ar\/sitio\/wp-json\/wp\/v2\/users\/27"}],"replies":[{"embeddable":true,"href":"https:\/\/isfdyt83-bue.infd.edu.ar\/sitio\/wp-json\/wp\/v2\/comments?post=2329"}],"version-history":[{"count":3,"href":"https:\/\/isfdyt83-bue.infd.edu.ar\/sitio\/wp-json\/wp\/v2\/pages\/2329\/revisions"}],"predecessor-version":[{"id":2334,"href":"https:\/\/isfdyt83-bue.infd.edu.ar\/sitio\/wp-json\/wp\/v2\/pages\/2329\/revisions\/2334"}],"wp:attachment":[{"href":"https:\/\/isfdyt83-bue.infd.edu.ar\/sitio\/wp-json\/wp\/v2\/media?parent=2329"}],"curies":[{"name":"wp","href":"https:\/\/api.w.org\/{rel}","templated":true}]}}