{"id":2486,"date":"2021-10-14T23:40:14","date_gmt":"2021-10-15T02:40:14","guid":{"rendered":"https:\/\/isfdyt83-bue.infd.edu.ar\/sitio\/?page_id=2486"},"modified":"2026-04-10T10:07:23","modified_gmt":"2026-04-10T13:07:23","slug":"tecnicatura-superior-en-psicopedagogia","status":"publish","type":"page","link":"https:\/\/isfdyt83-bue.infd.edu.ar\/sitio\/tecnicatura-superior-en-psicopedagogia\/","title":{"rendered":"Tecnicatura Superior en Psicopedagog\u00eda"},"content":{"rendered":"\n<p> <\/p>\n\n\n\n<p class=\"has-text-align-center has-text-color\" style=\"color:#d62b2b\">1er, 2do y 3er a\u00f1o se cursan en el turno ma\u00f1ana &#8211; 4to se cursa en turno vespertino<\/p>\n\n\n<div class=\"wp-block-image\">\n<figure class=\"aligncenter size-full is-resized\"><img decoding=\"async\" loading=\"lazy\" src=\"https:\/\/isfdyt83-bue.infd.edu.ar\/sitio\/wp-content\/uploads\/2025\/02\/psico1-1.png\" alt=\"\" class=\"wp-image-4256\" width=\"497\" height=\"698\"\/><\/figure><\/div>\n\n\n<p><\/p>\n\n\n\n<p class=\"has-text-align-center\"><strong><mark style=\"background-color:#51a4ed\" class=\"has-inline-color\">TECNICATURA SUPERIOR EN PSICOPEDAGOGIA<\/mark><\/strong><\/p>\n\n\n\n<p class=\"has-text-align-center\">Duraci\u00f3n 4 A\u00f1os<\/p>\n\n\n\n<p class=\"has-text-align-center\">T\u00edtulo Oficial<\/p>\n\n\n\n<p class=\"has-text-align-center\"><a href=\"https:\/\/isfdyt83-bue.infd.edu.ar\/sitio\/wp-content\/uploads\/2025\/03\/psicopedagogia_exp5801-0-439898-10.pdf\">Dise\u00f1o Curricular<\/a><\/p>\n\n\n\n<p class=\"has-text-align-center\"><a href=\"https:\/\/isfdyt83-bue.infd.edu.ar\/sitio\/wp-content\/uploads\/2026\/04\/Correlativas-Psico-scaled.jpg\">Correlativas<\/a><\/p>\n\n\n\n<p class=\"has-text-align-center\"><a href=\"https:\/\/isfdyt83-bue.infd.edu.ar\/sitio\/wp-content\/uploads\/2026\/03\/HORARIOS-TECNICATURA-EN-PSICOPEDAGOGIA-2026-1.pdf\">Horario de Cursada<\/a><\/p>\n\n\n\n<p class=\"has-text-align-center\">Turno Ma\u00f1ana 1ro, 2do y 3er a\u00f1o de lunes a viernes de 7:40hs a 12.15hs<\/p>\n\n\n\n<p class=\"has-text-align-center\">Turno Vespertino 4to a\u00f1o de lunes a viernes de 17:30hs a 22.10hs<\/p>\n\n\n\n<p class=\"has-text-align-center\">Preceptores<\/p>\n\n\n\n<p class=\"has-text-align-center\">Turno Ma\u00f1ana Gabriel Novo<\/p>\n\n\n\n<p class=\"has-text-align-center\">Turno Vespertino Gabriel Najle<\/p>\n\n\n\n<p class=\"has-text-align-center\">Email de la carrera: instituto83psicopedagogia@gmail.com<\/p>\n","protected":false},"excerpt":{"rendered":"<p>1er, 2do y 3er a\u00f1o se cursan en el turno ma\u00f1ana &#8211; 4to se cursa en turno vespertino TECNICATURA SUPERIOR EN PSICOPEDAGOGIA Duraci\u00f3n 4 A\u00f1os T\u00edtulo Oficial Dise\u00f1o Curricular Correlativas Horario de Cursada Turno Ma\u00f1ana 1ro, 2do y 3er a\u00f1o de lunes a viernes de 7:40hs a 12.15hs Turno Vespertino 4to a\u00f1o de lunes a &#8230; <a title=\"Tecnicatura Superior en Psicopedagog\u00eda\" class=\"read-more\" href=\"https:\/\/isfdyt83-bue.infd.edu.ar\/sitio\/tecnicatura-superior-en-psicopedagogia\/\" aria-label=\"More on Tecnicatura Superior en Psicopedagog\u00eda\">[+]<\/a><\/p>\n","protected":false},"author":27,"featured_media":0,"parent":0,"menu_order":0,"comment_status":"closed","ping_status":"closed","template":"","meta":[],"acf":[],"_links":{"self":[{"href":"https:\/\/isfdyt83-bue.infd.edu.ar\/sitio\/wp-json\/wp\/v2\/pages\/2486"}],"collection":[{"href":"https:\/\/isfdyt83-bue.infd.edu.ar\/sitio\/wp-json\/wp\/v2\/pages"}],"about":[{"href":"https:\/\/isfdyt83-bue.infd.edu.ar\/sitio\/wp-json\/wp\/v2\/types\/page"}],"author":[{"embeddable":true,"href":"https:\/\/isfdyt83-bue.infd.edu.ar\/sitio\/wp-json\/wp\/v2\/users\/27"}],"replies":[{"embeddable":true,"href":"https:\/\/isfdyt83-bue.infd.edu.ar\/sitio\/wp-json\/wp\/v2\/comments?post=2486"}],"version-history":[{"count":13,"href":"https:\/\/isfdyt83-bue.infd.edu.ar\/sitio\/wp-json\/wp\/v2\/pages\/2486\/revisions"}],"predecessor-version":[{"id":5226,"href":"https:\/\/isfdyt83-bue.infd.edu.ar\/sitio\/wp-json\/wp\/v2\/pages\/2486\/revisions\/5226"}],"wp:attachment":[{"href":"https:\/\/isfdyt83-bue.infd.edu.ar\/sitio\/wp-json\/wp\/v2\/media?parent=2486"}],"curies":[{"name":"wp","href":"https:\/\/api.w.org\/{rel}","templated":true}]}}