{"id":286,"date":"2016-10-31T13:17:59","date_gmt":"2016-10-31T16:17:59","guid":{"rendered":"https:\/\/isfdyt83-bue.infd.edu.ar\/sitio\/?page_id=286"},"modified":"2026-04-02T15:38:52","modified_gmt":"2026-04-02T18:38:52","slug":"inicio-2","status":"publish","type":"page","link":"https:\/\/isfdyt83-bue.infd.edu.ar\/sitio\/","title":{"rendered":""},"content":{"rendered":"<div class=\"wp-block-image\">\n<figure class=\"aligncenter size-full is-resized\"><img decoding=\"async\" loading=\"lazy\" src=\"https:\/\/isfdyt83-bue.infd.edu.ar\/sitio\/wp-content\/uploads\/2026\/04\/WhatsApp-Image-2026-04-02-at-12.09.37.jpeg\" alt=\"\" class=\"wp-image-5204\" width=\"438\" height=\"548\" srcset=\"https:\/\/isfdyt83-bue.infd.edu.ar\/sitio\/wp-content\/uploads\/2026\/04\/WhatsApp-Image-2026-04-02-at-12.09.37.jpeg 1280w, https:\/\/isfdyt83-bue.infd.edu.ar\/sitio\/wp-content\/uploads\/2026\/04\/WhatsApp-Image-2026-04-02-at-12.09.37-800x1000.jpeg 800w, https:\/\/isfdyt83-bue.infd.edu.ar\/sitio\/wp-content\/uploads\/2026\/04\/WhatsApp-Image-2026-04-02-at-12.09.37-768x960.jpeg 768w, https:\/\/isfdyt83-bue.infd.edu.ar\/sitio\/wp-content\/uploads\/2026\/04\/WhatsApp-Image-2026-04-02-at-12.09.37-1229x1536.jpeg 1229w\" sizes=\"(max-width: 438px) 100vw, 438px\" \/><\/figure><\/div>\n\n\n<p class=\"has-text-align-center\">A 44 a\u00f1os del conflicto armado, rendimos homenaje a quienes defendieron nuestra patria: veteranas, veteranos y ca\u00eddos. Reafirmamos nuestro reclamo soberano sobre las Islas Malvinas, Georgias del Sur y Sandwich del Sur.<\/p>\n\n\n\n<p class=\"has-text-align-center\">La causa Malvinas se ense\u00f1a y se siente. Porque la soberan\u00eda tambi\u00e9n se construye desde el aula, con memoria y compromiso por la paz.<\/p>\n\n\n\n<p class=\"has-text-align-center\">.<\/p>\n\n\n\n<p class=\"has-text-align-center has-base-3-background-color has-text-color has-background has-medium-font-size\" style=\"color:#e65515\"><strong>\u00bfQueres Conocer Nuestro Instituto? \u00bfSaber Que Podemos Ofrecer?<\/strong><\/p>\n\n\n\n<p class=\"has-text-align-center has-text-color has-medium-font-size\" style=\"color:#e45224\"><strong>Te lo mostramos as\u00ed<\/strong><\/p>\n\n\n\n<p class=\"has-text-align-center has-base-3-background-color has-background\" style=\"font-size:26px\"><a href=\"https:\/\/drive.google.com\/file\/d\/1ar3BkvDZMMQevCnVa8m-zzEpBEIb2xrk\/view?usp=drive_link\"><strong>Video de presentaci\u00f3n<\/strong><\/a><\/p>\n\n\n\n<hr class=\"wp-block-separator has-alpha-channel-opacity\"\/>\n\n\n\n<div class=\"wp-block-columns is-layout-flex wp-container-2\">\n<div class=\"wp-block-column is-layout-flow\" style=\"flex-basis:100%\">\n<div class=\"wp-block-cover is-light\" style=\"min-height:198px\"><span aria-hidden=\"true\" class=\"wp-block-cover__background has-background-dim\"><\/span><video class=\"wp-block-cover__video-background intrinsic-ignore\" autoplay muted loop playsinline src=\"https:\/\/isfdyt83-bue.infd.edu.ar\/sitio\/wp-content\/uploads\/2025\/03\/Profesorados.mp4\" data-object-fit=\"cover\"><\/video><div class=\"wp-block-cover__inner-container\">\n<p class=\"has-text-align-center has-large-font-size\"><\/p>\n<\/div><\/div>\n<\/div>\n<\/div>\n\n\n\n<figure class=\"wp-block-gallery has-nested-images columns-default is-cropped wp-block-gallery-3 is-layout-flex\">\n<figure class=\"wp-block-image size-large\"><a href=\"https:\/\/isfdyt83-bue.infd.edu.ar\/sitio\/profesorado-de-educacion-inicial\"><img decoding=\"async\" loading=\"lazy\" width=\"1000\" height=\"1000\" data-id=\"4486\"  src=\"https:\/\/isfdyt83-bue.infd.edu.ar\/sitio\/wp-content\/uploads\/2025\/03\/inicial.jpeg\" alt=\"\" class=\"wp-image-4486\" srcset=\"https:\/\/isfdyt83-bue.infd.edu.ar\/sitio\/wp-content\/uploads\/2025\/03\/inicial.jpeg 1000w, https:\/\/isfdyt83-bue.infd.edu.ar\/sitio\/wp-content\/uploads\/2025\/03\/inicial-500x500.jpeg 500w, https:\/\/isfdyt83-bue.infd.edu.ar\/sitio\/wp-content\/uploads\/2025\/03\/inicial-768x768.jpeg 768w\" sizes=\"(max-width: 1000px) 100vw, 1000px\" \/><\/a><\/figure>\n\n\n\n<figure class=\"wp-block-image size-large\"><a href=\"https:\/\/isfdyt83-bue.infd.edu.ar\/sitio\/profesorado-de-educacion-primaria\"><img decoding=\"async\" loading=\"lazy\" width=\"1000\" height=\"1000\" data-id=\"4489\"  src=\"https:\/\/isfdyt83-bue.infd.edu.ar\/sitio\/wp-content\/uploads\/2025\/03\/primaria.jpeg\" alt=\"\" class=\"wp-image-4489\" srcset=\"https:\/\/isfdyt83-bue.infd.edu.ar\/sitio\/wp-content\/uploads\/2025\/03\/primaria.jpeg 1000w, https:\/\/isfdyt83-bue.infd.edu.ar\/sitio\/wp-content\/uploads\/2025\/03\/primaria-500x500.jpeg 500w, https:\/\/isfdyt83-bue.infd.edu.ar\/sitio\/wp-content\/uploads\/2025\/03\/primaria-768x768.jpeg 768w\" sizes=\"(max-width: 1000px) 100vw, 1000px\" \/><\/a><\/figure>\n\n\n\n<figure class=\"wp-block-image size-large\"><a href=\"https:\/\/isfdyt83-bue.infd.edu.ar\/sitio\/profesorado-de-ingles\"><img decoding=\"async\" loading=\"lazy\" width=\"1000\" height=\"1000\" data-id=\"4485\"  src=\"https:\/\/isfdyt83-bue.infd.edu.ar\/sitio\/wp-content\/uploads\/2025\/03\/Ingles.jpeg\" alt=\"\" class=\"wp-image-4485\" srcset=\"https:\/\/isfdyt83-bue.infd.edu.ar\/sitio\/wp-content\/uploads\/2025\/03\/Ingles.jpeg 1000w, https:\/\/isfdyt83-bue.infd.edu.ar\/sitio\/wp-content\/uploads\/2025\/03\/Ingles-500x500.jpeg 500w, https:\/\/isfdyt83-bue.infd.edu.ar\/sitio\/wp-content\/uploads\/2025\/03\/Ingles-768x768.jpeg 768w\" sizes=\"(max-width: 1000px) 100vw, 1000px\" \/><\/a><\/figure>\n<\/figure>\n\n\n\n<figure class=\"wp-block-gallery has-nested-images columns-default is-cropped wp-block-gallery-5 is-layout-flex\">\n<figure class=\"wp-block-image size-large\"><a href=\"https:\/\/isfdyt83-bue.infd.edu.ar\/sitio\/profesorado-de-educacion-secundaria-en-geografia\"><img decoding=\"async\" loading=\"lazy\" width=\"1000\" height=\"1000\" data-id=\"4494\"  src=\"https:\/\/isfdyt83-bue.infd.edu.ar\/sitio\/wp-content\/uploads\/2025\/03\/Geo.jpeg\" alt=\"\" class=\"wp-image-4494\" srcset=\"https:\/\/isfdyt83-bue.infd.edu.ar\/sitio\/wp-content\/uploads\/2025\/03\/Geo.jpeg 1000w, https:\/\/isfdyt83-bue.infd.edu.ar\/sitio\/wp-content\/uploads\/2025\/03\/Geo-500x500.jpeg 500w, https:\/\/isfdyt83-bue.infd.edu.ar\/sitio\/wp-content\/uploads\/2025\/03\/Geo-768x768.jpeg 768w\" sizes=\"(max-width: 1000px) 100vw, 1000px\" \/><\/a><\/figure>\n\n\n\n<figure class=\"wp-block-image size-large\"><a href=\"https:\/\/isfdyt83-bue.infd.edu.ar\/sitio\/profesorado-de-educacion-secundaria-en-historia\"><img decoding=\"async\" loading=\"lazy\" width=\"1000\" height=\"1000\" data-id=\"4482\"  src=\"https:\/\/isfdyt83-bue.infd.edu.ar\/sitio\/wp-content\/uploads\/2025\/03\/Historia-copia.jpeg\" alt=\"\" class=\"wp-image-4482\" srcset=\"https:\/\/isfdyt83-bue.infd.edu.ar\/sitio\/wp-content\/uploads\/2025\/03\/Historia-copia.jpeg 1000w, https:\/\/isfdyt83-bue.infd.edu.ar\/sitio\/wp-content\/uploads\/2025\/03\/Historia-copia-500x500.jpeg 500w, https:\/\/isfdyt83-bue.infd.edu.ar\/sitio\/wp-content\/uploads\/2025\/03\/Historia-copia-768x768.jpeg 768w\" sizes=\"(max-width: 1000px) 100vw, 1000px\" \/><\/a><\/figure>\n\n\n\n<figure class=\"wp-block-image size-large\"><a href=\"https:\/\/isfdyt83-bue.infd.edu.ar\/sitio\/profesorado-de-educacion-secundaria-en-economia\"><img decoding=\"async\" loading=\"lazy\" width=\"1000\" height=\"1000\" data-id=\"4480\"  src=\"https:\/\/isfdyt83-bue.infd.edu.ar\/sitio\/wp-content\/uploads\/2025\/03\/Economia.jpeg\" alt=\"\" class=\"wp-image-4480\" srcset=\"https:\/\/isfdyt83-bue.infd.edu.ar\/sitio\/wp-content\/uploads\/2025\/03\/Economia.jpeg 1000w, https:\/\/isfdyt83-bue.infd.edu.ar\/sitio\/wp-content\/uploads\/2025\/03\/Economia-500x500.jpeg 500w, https:\/\/isfdyt83-bue.infd.edu.ar\/sitio\/wp-content\/uploads\/2025\/03\/Economia-768x768.jpeg 768w\" sizes=\"(max-width: 1000px) 100vw, 1000px\" \/><\/a><\/figure>\n<\/figure>\n\n\n<div class=\"wp-block-image\">\n<figure class=\"aligncenter size-full is-resized\"><a href=\"https:\/\/isfdyt83-bue.infd.edu.ar\/sitio\/profesorado-de-educacion-secundaria-en-lengua-y-literatura\"><img decoding=\"async\" loading=\"lazy\" src=\"https:\/\/isfdyt83-bue.infd.edu.ar\/sitio\/wp-content\/uploads\/2026\/03\/WhatsApp-Image-2026-03-06-at-16.38.38.jpeg\" alt=\"\" class=\"wp-image-5110\" width=\"335\" height=\"335\" srcset=\"https:\/\/isfdyt83-bue.infd.edu.ar\/sitio\/wp-content\/uploads\/2026\/03\/WhatsApp-Image-2026-03-06-at-16.38.38.jpeg 1000w, https:\/\/isfdyt83-bue.infd.edu.ar\/sitio\/wp-content\/uploads\/2026\/03\/WhatsApp-Image-2026-03-06-at-16.38.38-500x500.jpeg 500w, https:\/\/isfdyt83-bue.infd.edu.ar\/sitio\/wp-content\/uploads\/2026\/03\/WhatsApp-Image-2026-03-06-at-16.38.38-768x768.jpeg 768w\" sizes=\"(max-width: 335px) 100vw, 335px\" \/><\/a><\/figure><\/div>\n\n\n<div class=\"wp-block-cover is-light\" style=\"min-height:210px\"><span aria-hidden=\"true\" class=\"wp-block-cover__background has-background-dim\"><\/span><video class=\"wp-block-cover__video-background intrinsic-ignore\" autoplay muted loop playsinline src=\"https:\/\/isfdyt83-bue.infd.edu.ar\/sitio\/wp-content\/uploads\/2025\/03\/Titulo-Tecnicaturas.mp4\" data-object-fit=\"cover\"><\/video><div class=\"wp-block-cover__inner-container\">\n<p class=\"has-text-align-center has-large-font-size\"><\/p>\n<\/div><\/div>\n\n\n\n<figure class=\"wp-block-gallery has-nested-images columns-default is-cropped wp-block-gallery-7 is-layout-flex\">\n<figure class=\"wp-block-image size-large\"><a href=\"https:\/\/isfdyt83-bue.infd.edu.ar\/sitio\/tecnicatura-superior-en-psicopedagogia\"><img decoding=\"async\" loading=\"lazy\" width=\"1000\" height=\"1000\" data-id=\"4490\"  src=\"https:\/\/isfdyt83-bue.infd.edu.ar\/sitio\/wp-content\/uploads\/2025\/03\/psicopedagogia.jpeg\" alt=\"\" class=\"wp-image-4490\" srcset=\"https:\/\/isfdyt83-bue.infd.edu.ar\/sitio\/wp-content\/uploads\/2025\/03\/psicopedagogia.jpeg 1000w, https:\/\/isfdyt83-bue.infd.edu.ar\/sitio\/wp-content\/uploads\/2025\/03\/psicopedagogia-500x500.jpeg 500w, https:\/\/isfdyt83-bue.infd.edu.ar\/sitio\/wp-content\/uploads\/2025\/03\/psicopedagogia-768x768.jpeg 768w\" sizes=\"(max-width: 1000px) 100vw, 1000px\" \/><\/a><\/figure>\n\n\n\n<figure class=\"wp-block-image size-large\"><a href=\"https:\/\/isfdyt83-bue.infd.edu.ar\/sitio\/tecnicatura-superior-en-logistica\"><img decoding=\"async\" loading=\"lazy\" width=\"1000\" height=\"1000\" data-id=\"4488\"  src=\"https:\/\/isfdyt83-bue.infd.edu.ar\/sitio\/wp-content\/uploads\/2025\/03\/Logistica.jpeg\" alt=\"\" class=\"wp-image-4488\" srcset=\"https:\/\/isfdyt83-bue.infd.edu.ar\/sitio\/wp-content\/uploads\/2025\/03\/Logistica.jpeg 1000w, https:\/\/isfdyt83-bue.infd.edu.ar\/sitio\/wp-content\/uploads\/2025\/03\/Logistica-500x500.jpeg 500w, https:\/\/isfdyt83-bue.infd.edu.ar\/sitio\/wp-content\/uploads\/2025\/03\/Logistica-768x768.jpeg 768w\" sizes=\"(max-width: 1000px) 100vw, 1000px\" \/><\/a><\/figure>\n\n\n\n<figure class=\"wp-block-image size-large\"><a href=\"https:\/\/isfdyt83-bue.infd.edu.ar\/sitio\/profesorado-para-tecnicos\"><img decoding=\"async\" loading=\"lazy\" width=\"1000\" height=\"1000\" data-id=\"4492\"  src=\"https:\/\/isfdyt83-bue.infd.edu.ar\/sitio\/wp-content\/uploads\/2025\/03\/turismo.jpeg\" alt=\"\" class=\"wp-image-4492\" srcset=\"https:\/\/isfdyt83-bue.infd.edu.ar\/sitio\/wp-content\/uploads\/2025\/03\/turismo.jpeg 1000w, https:\/\/isfdyt83-bue.infd.edu.ar\/sitio\/wp-content\/uploads\/2025\/03\/turismo-500x500.jpeg 500w, https:\/\/isfdyt83-bue.infd.edu.ar\/sitio\/wp-content\/uploads\/2025\/03\/turismo-768x768.jpeg 768w\" sizes=\"(max-width: 1000px) 100vw, 1000px\" \/><\/a><\/figure>\n<\/figure>\n\n\n<div class=\"wp-block-image\">\n<figure class=\"aligncenter size-full is-resized\"><a href=\"https:\/\/isfdyt83-bue.infd.edu.ar\/sitio\/tecnicatura-superior-en-seguridad-e-higiene-en-el-trabajo\"><img decoding=\"async\" loading=\"lazy\" src=\"https:\/\/isfdyt83-bue.infd.edu.ar\/sitio\/wp-content\/uploads\/2026\/03\/Imagen-Seguridad.jpeg\" alt=\"\" class=\"wp-image-5094\" width=\"345\" height=\"345\" srcset=\"https:\/\/isfdyt83-bue.infd.edu.ar\/sitio\/wp-content\/uploads\/2026\/03\/Imagen-Seguridad.jpeg 1000w, https:\/\/isfdyt83-bue.infd.edu.ar\/sitio\/wp-content\/uploads\/2026\/03\/Imagen-Seguridad-500x500.jpeg 500w, https:\/\/isfdyt83-bue.infd.edu.ar\/sitio\/wp-content\/uploads\/2026\/03\/Imagen-Seguridad-768x768.jpeg 768w\" sizes=\"(max-width: 345px) 100vw, 345px\" \/><\/a><\/figure><\/div>\n\n<div class=\"wp-block-image\">\n<figure class=\"aligncenter size-full is-resized\"><a href=\"https:\/\/isfdyt83-bue.infd.edu.ar\/sitio\/tramo-de-formacion-pedagogica\/\"><img decoding=\"async\" loading=\"lazy\" src=\"https:\/\/isfdyt83-bue.infd.edu.ar\/sitio\/wp-content\/uploads\/2025\/08\/tramo.jpg\" alt=\"\" class=\"wp-image-4853\" width=\"461\" height=\"580\"\/><\/a><\/figure><\/div>\n\n\n<p><\/p>\n\n\n\n<p><\/p>\n\n\n\n<p class=\"has-text-align-center\"><\/p>\n\n\n\n<p><\/p>\n","protected":false},"excerpt":{"rendered":"<p>A 44 a\u00f1os del conflicto armado, rendimos homenaje a quienes defendieron nuestra patria: veteranas, veteranos y ca\u00eddos. Reafirmamos nuestro reclamo soberano sobre las Islas Malvinas, Georgias del Sur y Sandwich del Sur. La causa Malvinas se ense\u00f1a y se siente. Porque la soberan\u00eda tambi\u00e9n se construye desde el aula, con memoria y compromiso por la &#8230; <a title=\"\" class=\"read-more\" href=\"https:\/\/isfdyt83-bue.infd.edu.ar\/sitio\/\" aria-label=\"More on \">[+]<\/a><\/p>\n","protected":false},"author":1,"featured_media":0,"parent":0,"menu_order":0,"comment_status":"closed","ping_status":"closed","template":"","meta":[],"acf":[],"_links":{"self":[{"href":"https:\/\/isfdyt83-bue.infd.edu.ar\/sitio\/wp-json\/wp\/v2\/pages\/286"}],"collection":[{"href":"https:\/\/isfdyt83-bue.infd.edu.ar\/sitio\/wp-json\/wp\/v2\/pages"}],"about":[{"href":"https:\/\/isfdyt83-bue.infd.edu.ar\/sitio\/wp-json\/wp\/v2\/types\/page"}],"author":[{"embeddable":true,"href":"https:\/\/isfdyt83-bue.infd.edu.ar\/sitio\/wp-json\/wp\/v2\/users\/1"}],"replies":[{"embeddable":true,"href":"https:\/\/isfdyt83-bue.infd.edu.ar\/sitio\/wp-json\/wp\/v2\/comments?post=286"}],"version-history":[{"count":636,"href":"https:\/\/isfdyt83-bue.infd.edu.ar\/sitio\/wp-json\/wp\/v2\/pages\/286\/revisions"}],"predecessor-version":[{"id":5205,"href":"https:\/\/isfdyt83-bue.infd.edu.ar\/sitio\/wp-json\/wp\/v2\/pages\/286\/revisions\/5205"}],"wp:attachment":[{"href":"https:\/\/isfdyt83-bue.infd.edu.ar\/sitio\/wp-json\/wp\/v2\/media?parent=286"}],"curies":[{"name":"wp","href":"https:\/\/api.w.org\/{rel}","templated":true}]}}