{"id":4600,"date":"2025-04-03T06:39:58","date_gmt":"2025-04-03T09:39:58","guid":{"rendered":"https:\/\/isfdyt83-bue.infd.edu.ar\/sitio\/?page_id=4600"},"modified":"2025-04-11T14:33:35","modified_gmt":"2025-04-11T17:33:35","slug":"malvinas-futuro","status":"publish","type":"page","link":"https:\/\/isfdyt83-bue.infd.edu.ar\/sitio\/malvinas-futuro\/","title":{"rendered":"Malvinas Futuro"},"content":{"rendered":"\n<p>SOBERANIA MEMORIA E IDENTIDAD BONAERENSE<\/p>\n\n\n\n<figure class=\"wp-block-video\"><video controls src=\"https:\/\/isfdyt83-bue.infd.edu.ar\/sitio\/wp-content\/uploads\/2025\/04\/WhatsApp-Video-2025-04-11-at-14.00.06.mp4\"><\/video><\/figure>\n\n\n\n<p><\/p>\n\n\n\n<p class=\"has-text-align-center\"><strong>Lectura de la alumna Florencia Schafer de 4to a\u00f1o del Profesorado de Educaci\u00f3n Primaria<\/strong><\/p>\n\n\n\n<figure class=\"wp-block-gallery has-nested-images columns-default is-cropped wp-block-gallery-1 is-layout-flex\">\n<figure class=\"wp-block-image size-large\"><img decoding=\"async\" loading=\"lazy\" width=\"1080\" height=\"1345\" data-id=\"4615\"  src=\"https:\/\/isfdyt83-bue.infd.edu.ar\/sitio\/wp-content\/uploads\/2025\/04\/WhatsApp-Image-2025-04-11-at-13.59.18.jpeg\" alt=\"\" class=\"wp-image-4615\" srcset=\"https:\/\/isfdyt83-bue.infd.edu.ar\/sitio\/wp-content\/uploads\/2025\/04\/WhatsApp-Image-2025-04-11-at-13.59.18.jpeg 1080w, https:\/\/isfdyt83-bue.infd.edu.ar\/sitio\/wp-content\/uploads\/2025\/04\/WhatsApp-Image-2025-04-11-at-13.59.18-803x1000.jpeg 803w, https:\/\/isfdyt83-bue.infd.edu.ar\/sitio\/wp-content\/uploads\/2025\/04\/WhatsApp-Image-2025-04-11-at-13.59.18-768x956.jpeg 768w\" sizes=\"(max-width: 1080px) 100vw, 1080px\" \/><\/figure>\n\n\n\n<figure class=\"wp-block-image size-large\"><img decoding=\"async\" loading=\"lazy\" width=\"1080\" height=\"1332\" data-id=\"4614\"  src=\"https:\/\/isfdyt83-bue.infd.edu.ar\/sitio\/wp-content\/uploads\/2025\/04\/WhatsApp-Image-2025-04-11-at-13.59.18-1.jpeg\" alt=\"\" class=\"wp-image-4614\" srcset=\"https:\/\/isfdyt83-bue.infd.edu.ar\/sitio\/wp-content\/uploads\/2025\/04\/WhatsApp-Image-2025-04-11-at-13.59.18-1.jpeg 1080w, https:\/\/isfdyt83-bue.infd.edu.ar\/sitio\/wp-content\/uploads\/2025\/04\/WhatsApp-Image-2025-04-11-at-13.59.18-1-811x1000.jpeg 811w, https:\/\/isfdyt83-bue.infd.edu.ar\/sitio\/wp-content\/uploads\/2025\/04\/WhatsApp-Image-2025-04-11-at-13.59.18-1-768x947.jpeg 768w\" sizes=\"(max-width: 1080px) 100vw, 1080px\" \/><\/figure>\n\n\n\n<figure class=\"wp-block-image size-large\"><img decoding=\"async\" loading=\"lazy\" width=\"1080\" height=\"1417\" data-id=\"4613\"  src=\"https:\/\/isfdyt83-bue.infd.edu.ar\/sitio\/wp-content\/uploads\/2025\/04\/WhatsApp-Image-2025-04-11-at-13.59.18-2.jpeg\" alt=\"\" class=\"wp-image-4613\" srcset=\"https:\/\/isfdyt83-bue.infd.edu.ar\/sitio\/wp-content\/uploads\/2025\/04\/WhatsApp-Image-2025-04-11-at-13.59.18-2.jpeg 1080w, https:\/\/isfdyt83-bue.infd.edu.ar\/sitio\/wp-content\/uploads\/2025\/04\/WhatsApp-Image-2025-04-11-at-13.59.18-2-762x1000.jpeg 762w, https:\/\/isfdyt83-bue.infd.edu.ar\/sitio\/wp-content\/uploads\/2025\/04\/WhatsApp-Image-2025-04-11-at-13.59.18-2-768x1008.jpeg 768w\" sizes=\"(max-width: 1080px) 100vw, 1080px\" \/><\/figure>\n<\/figure>\n\n\n<div class=\"wp-block-image\">\n<figure class=\"aligncenter size-full is-resized\"><img decoding=\"async\" loading=\"lazy\" src=\"https:\/\/isfdyt83-bue.infd.edu.ar\/sitio\/wp-content\/uploads\/2025\/04\/WhatsApp-Image-2025-04-11-at-13.59.19.jpeg\" alt=\"\" class=\"wp-image-4616\" width=\"343\" height=\"440\" srcset=\"https:\/\/isfdyt83-bue.infd.edu.ar\/sitio\/wp-content\/uploads\/2025\/04\/WhatsApp-Image-2025-04-11-at-13.59.19.jpeg 1080w, https:\/\/isfdyt83-bue.infd.edu.ar\/sitio\/wp-content\/uploads\/2025\/04\/WhatsApp-Image-2025-04-11-at-13.59.19-778x1000.jpeg 778w, https:\/\/isfdyt83-bue.infd.edu.ar\/sitio\/wp-content\/uploads\/2025\/04\/WhatsApp-Image-2025-04-11-at-13.59.19-768x988.jpeg 768w\" sizes=\"(max-width: 343px) 100vw, 343px\" \/><\/figure><\/div>\n\n\n<p class=\"has-text-align-center\"><strong>MALVINAS FUTURO. SOBERANIA, MEMORIA E IDENTIDAD BONAERENSE<\/strong><\/p>\n\n\n\n<p class=\"has-text-align-center\">Se\u00f1alaremos a cuanta distancia de las Islas Malvinas est\u00e1n todas las escuelas Bonaerenses. Es tambi\u00e9n la posibilidad de rendir homenaje a los ca\u00eddos y a quienes lucharon en la guerra. Un cartel que reafirma que somos parte de un mismo territorio y que a las islas siempre las sentimos cerca.<\/p>\n\n\n<div class=\"wp-block-image\">\n<figure class=\"aligncenter size-full is-resized\"><img decoding=\"async\" loading=\"lazy\" src=\"https:\/\/isfdyt83-bue.infd.edu.ar\/sitio\/wp-content\/uploads\/2025\/04\/WhatsApp-Image-2025-04-03-at-10.02.45.jpeg\" alt=\"\" class=\"wp-image-4621\" width=\"731\" height=\"548\" srcset=\"https:\/\/isfdyt83-bue.infd.edu.ar\/sitio\/wp-content\/uploads\/2025\/04\/WhatsApp-Image-2025-04-03-at-10.02.45.jpeg 1600w, https:\/\/isfdyt83-bue.infd.edu.ar\/sitio\/wp-content\/uploads\/2025\/04\/WhatsApp-Image-2025-04-03-at-10.02.45-1000x750.jpeg 1000w, https:\/\/isfdyt83-bue.infd.edu.ar\/sitio\/wp-content\/uploads\/2025\/04\/WhatsApp-Image-2025-04-03-at-10.02.45-768x576.jpeg 768w, https:\/\/isfdyt83-bue.infd.edu.ar\/sitio\/wp-content\/uploads\/2025\/04\/WhatsApp-Image-2025-04-03-at-10.02.45-1536x1152.jpeg 1536w\" sizes=\"(max-width: 731px) 100vw, 731px\" \/><\/figure><\/div>","protected":false},"excerpt":{"rendered":"<p>SOBERANIA MEMORIA E IDENTIDAD BONAERENSE Lectura de la alumna Florencia Schafer de 4to a\u00f1o del Profesorado de Educaci\u00f3n Primaria MALVINAS FUTURO. SOBERANIA, MEMORIA E IDENTIDAD BONAERENSE Se\u00f1alaremos a cuanta distancia de las Islas Malvinas est\u00e1n todas las escuelas Bonaerenses. Es tambi\u00e9n la posibilidad de rendir homenaje a los ca\u00eddos y a quienes lucharon en la &#8230; <a title=\"Malvinas Futuro\" class=\"read-more\" href=\"https:\/\/isfdyt83-bue.infd.edu.ar\/sitio\/malvinas-futuro\/\" aria-label=\"More on Malvinas Futuro\">[+]<\/a><\/p>\n","protected":false},"author":27,"featured_media":0,"parent":0,"menu_order":0,"comment_status":"closed","ping_status":"closed","template":"","meta":[],"acf":[],"_links":{"self":[{"href":"https:\/\/isfdyt83-bue.infd.edu.ar\/sitio\/wp-json\/wp\/v2\/pages\/4600"}],"collection":[{"href":"https:\/\/isfdyt83-bue.infd.edu.ar\/sitio\/wp-json\/wp\/v2\/pages"}],"about":[{"href":"https:\/\/isfdyt83-bue.infd.edu.ar\/sitio\/wp-json\/wp\/v2\/types\/page"}],"author":[{"embeddable":true,"href":"https:\/\/isfdyt83-bue.infd.edu.ar\/sitio\/wp-json\/wp\/v2\/users\/27"}],"replies":[{"embeddable":true,"href":"https:\/\/isfdyt83-bue.infd.edu.ar\/sitio\/wp-json\/wp\/v2\/comments?post=4600"}],"version-history":[{"count":5,"href":"https:\/\/isfdyt83-bue.infd.edu.ar\/sitio\/wp-json\/wp\/v2\/pages\/4600\/revisions"}],"predecessor-version":[{"id":4622,"href":"https:\/\/isfdyt83-bue.infd.edu.ar\/sitio\/wp-json\/wp\/v2\/pages\/4600\/revisions\/4622"}],"wp:attachment":[{"href":"https:\/\/isfdyt83-bue.infd.edu.ar\/sitio\/wp-json\/wp\/v2\/media?parent=4600"}],"curies":[{"name":"wp","href":"https:\/\/api.w.org\/{rel}","templated":true}]}}