{"id":4692,"date":"2025-05-30T14:45:02","date_gmt":"2025-05-30T17:45:02","guid":{"rendered":"https:\/\/isfdyt83-bue.infd.edu.ar\/sitio\/?page_id=4692"},"modified":"2025-10-27T13:42:55","modified_gmt":"2025-10-27T16:42:55","slug":"tramo-de-formacion-pedagogica","status":"publish","type":"page","link":"https:\/\/isfdyt83-bue.infd.edu.ar\/sitio\/tramo-de-formacion-pedagogica\/","title":{"rendered":"TRAMO DE FORMACION PEDAGOGICA"},"content":{"rendered":"\n<p><\/p>\n\n\n<p style=\"text-align: center;\"><strong>DURACION 4 CUATRIMESTRES<\/strong><\/p>\n<p style=\"text-align: center;\"><span style=\"color: #0000ff;\"><strong>CURSADA <\/strong><\/span><\/p>\n<p style=\"text-align: center;\"><span style=\"color: #ff6600;\">VIERNES DE 18:00HS A<\/span> <span style=\"color: #ff6600;\">22:00HS<\/span><\/p>\n<p style=\"text-align: center;\"><span style=\"color: #ff6600;\">SABADOS DE 8:00HS A 12:00HS<\/span><\/p>\n<p style=\"text-align: center;\"><a href=\"https:\/\/isfdyt83-bue.infd.edu.ar\/sitio\/wp-content\/uploads\/2025\/05\/RESOC-2024-2076-GDEBA-DGCYE-y-Anexos-Tramo-Pedago\u0301gico-1-1.pdf\"><span style=\"color: #000000;\">DISE\u00d1O CURRICULAR<\/span><\/a><\/p>\n<p style=\"text-align: center;\"><a href=\"https:\/\/isfdyt83-bue.infd.edu.ar\/sitio\/wp-content\/uploads\/2025\/06\/DI-2025-19-GDEBA-DFDIDGCYE-Autorizacion-Tramo-Formacion-Pedagogica-RES-2024-2076-con-Anexo-unico-2.pdf\">RESOLUCION<\/a> 2076\/24<\/p>\n<p style=\"text-align: center;\">Email del tramo: tramopedagogico83@gmail.com<\/p>\n<p><strong>Requisitos:<\/strong><\/p>\n<ul>\n<li><span style=\"color: #339966;\">Estar dando clases o haber dado clases en los \u00faltimos 5 a\u00f1os.<\/span><\/li>\n<li><span style=\"color: #339966;\">Titulo habilitante en educaci\u00f3n superior o secundario t\u00e9cnico.<\/span><\/li>\n<\/ul>\n<p><strong>Documentaci\u00f3n a presentar:<\/strong><\/p>\n<ul>\n<li>Fotocopia de DNI<\/li>\n<li>Fotocopia de T\u00edtulos habilitantes<\/li>\n<li>Fotocopia de Partida de Nacimiento<\/li>\n<li>2 fotos 4&#215;4<\/li>\n<li>Constancia de desempe\u00f1o en la docencia\u00a0<\/li>\n<li>Cooperadora de $10.000 anuales<\/li>\n<\/ul>","protected":false},"excerpt":{"rendered":"<p>DURACION 4 CUATRIMESTRES CURSADA VIERNES DE 18:00HS A 22:00HS SABADOS DE 8:00HS A 12:00HS DISE\u00d1O CURRICULAR RESOLUCION 2076\/24 Email del tramo: tramopedagogico83@gmail.com Requisitos: Estar dando clases o haber dado clases en los \u00faltimos 5 a\u00f1os. Titulo habilitante en educaci\u00f3n superior o secundario t\u00e9cnico. Documentaci\u00f3n a presentar: Fotocopia de DNI Fotocopia de T\u00edtulos habilitantes Fotocopia de &#8230; <a title=\"TRAMO DE FORMACION PEDAGOGICA\" class=\"read-more\" href=\"https:\/\/isfdyt83-bue.infd.edu.ar\/sitio\/tramo-de-formacion-pedagogica\/\" aria-label=\"More on TRAMO DE FORMACION PEDAGOGICA\">[+]<\/a><\/p>\n","protected":false},"author":27,"featured_media":0,"parent":0,"menu_order":0,"comment_status":"closed","ping_status":"closed","template":"","meta":[],"acf":[],"_links":{"self":[{"href":"https:\/\/isfdyt83-bue.infd.edu.ar\/sitio\/wp-json\/wp\/v2\/pages\/4692"}],"collection":[{"href":"https:\/\/isfdyt83-bue.infd.edu.ar\/sitio\/wp-json\/wp\/v2\/pages"}],"about":[{"href":"https:\/\/isfdyt83-bue.infd.edu.ar\/sitio\/wp-json\/wp\/v2\/types\/page"}],"author":[{"embeddable":true,"href":"https:\/\/isfdyt83-bue.infd.edu.ar\/sitio\/wp-json\/wp\/v2\/users\/27"}],"replies":[{"embeddable":true,"href":"https:\/\/isfdyt83-bue.infd.edu.ar\/sitio\/wp-json\/wp\/v2\/comments?post=4692"}],"version-history":[{"count":10,"href":"https:\/\/isfdyt83-bue.infd.edu.ar\/sitio\/wp-json\/wp\/v2\/pages\/4692\/revisions"}],"predecessor-version":[{"id":4877,"href":"https:\/\/isfdyt83-bue.infd.edu.ar\/sitio\/wp-json\/wp\/v2\/pages\/4692\/revisions\/4877"}],"wp:attachment":[{"href":"https:\/\/isfdyt83-bue.infd.edu.ar\/sitio\/wp-json\/wp\/v2\/media?parent=4692"}],"curies":[{"name":"wp","href":"https:\/\/api.w.org\/{rel}","templated":true}]}}