{"id":4703,"date":"2025-06-02T13:56:27","date_gmt":"2025-06-02T16:56:27","guid":{"rendered":"https:\/\/isfdyt83-bue.infd.edu.ar\/sitio\/?page_id=4703"},"modified":"2025-10-27T14:03:27","modified_gmt":"2025-10-27T17:03:27","slug":"convivencia-digital","status":"publish","type":"page","link":"https:\/\/isfdyt83-bue.infd.edu.ar\/sitio\/convivencia-digital\/","title":{"rendered":"Convivencia Digital"},"content":{"rendered":"\n<p><\/p>\n\n\n\n<p class=\"has-accent-color has-text-color has-medium-font-size\">Durante la Semana de la convivencia digital estaremos publicando contenido de concientizaci\u00f3n para el ejercicio de una ciudadan\u00eda responsable a trav\u00e9s de videos cortos para redes sociales y medios digitales.                                                                                      Previamente trabajaremos con las y los estudiantes la producci\u00f3n de los mensajes a transmitir<\/p>\n\n\n\n<p>Cursos que participar\u00e1n:                                                                          <br>2do. F Bis (Prof. Ed. Inicial)                                                                         <br>1ro. K (Prof.de Econom\u00eda)                                                                            <br>1ro D (Prof. de Ed. Primaria)<\/p>\n\n\n\n<p>Docentes a cargo:      Prof. M. Bel\u00e9n Gonz\u00e1lez &#8211;  Prof. M. Laura Fern\u00e1ndez<\/p>\n\n\n<div class=\"wp-block-image\">\n<figure class=\"aligncenter size-full is-resized\"><img decoding=\"async\" loading=\"lazy\" src=\"https:\/\/isfdyt83-bue.infd.edu.ar\/sitio\/wp-content\/uploads\/2025\/06\/lunes-1-Belen.jpg\" alt=\"\" class=\"wp-image-4709\" width=\"421\" height=\"421\" srcset=\"https:\/\/isfdyt83-bue.infd.edu.ar\/sitio\/wp-content\/uploads\/2025\/06\/lunes-1-Belen.jpg 1080w, https:\/\/isfdyt83-bue.infd.edu.ar\/sitio\/wp-content\/uploads\/2025\/06\/lunes-1-Belen-1000x1000.jpg 1000w, https:\/\/isfdyt83-bue.infd.edu.ar\/sitio\/wp-content\/uploads\/2025\/06\/lunes-1-Belen-500x500.jpg 500w, https:\/\/isfdyt83-bue.infd.edu.ar\/sitio\/wp-content\/uploads\/2025\/06\/lunes-1-Belen-768x768.jpg 768w\" sizes=\"(max-width: 421px) 100vw, 421px\" \/><\/figure><\/div>\n\n\n<figure class=\"wp-block-gallery has-nested-images columns-default is-cropped wp-block-gallery-1 is-layout-flex\">\n<figure class=\"wp-block-image size-large\"><img decoding=\"async\" loading=\"lazy\" width=\"1080\" height=\"1080\" data-id=\"4705\"  src=\"https:\/\/isfdyt83-bue.infd.edu.ar\/sitio\/wp-content\/uploads\/2025\/06\/lunes-2-Belen.jpg\" alt=\"\" class=\"wp-image-4705\" srcset=\"https:\/\/isfdyt83-bue.infd.edu.ar\/sitio\/wp-content\/uploads\/2025\/06\/lunes-2-Belen.jpg 1080w, https:\/\/isfdyt83-bue.infd.edu.ar\/sitio\/wp-content\/uploads\/2025\/06\/lunes-2-Belen-1000x1000.jpg 1000w, https:\/\/isfdyt83-bue.infd.edu.ar\/sitio\/wp-content\/uploads\/2025\/06\/lunes-2-Belen-500x500.jpg 500w, https:\/\/isfdyt83-bue.infd.edu.ar\/sitio\/wp-content\/uploads\/2025\/06\/lunes-2-Belen-768x768.jpg 768w\" sizes=\"(max-width: 1080px) 100vw, 1080px\" \/><\/figure>\n\n\n\n<figure class=\"wp-block-image size-large\"><img decoding=\"async\" loading=\"lazy\" width=\"1080\" height=\"1080\" data-id=\"4706\"  src=\"https:\/\/isfdyt83-bue.infd.edu.ar\/sitio\/wp-content\/uploads\/2025\/06\/lunes-3-Belen.jpg\" alt=\"\" class=\"wp-image-4706\" srcset=\"https:\/\/isfdyt83-bue.infd.edu.ar\/sitio\/wp-content\/uploads\/2025\/06\/lunes-3-Belen.jpg 1080w, https:\/\/isfdyt83-bue.infd.edu.ar\/sitio\/wp-content\/uploads\/2025\/06\/lunes-3-Belen-1000x1000.jpg 1000w, https:\/\/isfdyt83-bue.infd.edu.ar\/sitio\/wp-content\/uploads\/2025\/06\/lunes-3-Belen-500x500.jpg 500w, https:\/\/isfdyt83-bue.infd.edu.ar\/sitio\/wp-content\/uploads\/2025\/06\/lunes-3-Belen-768x768.jpg 768w\" sizes=\"(max-width: 1080px) 100vw, 1080px\" \/><\/figure>\n\n\n\n<figure class=\"wp-block-image size-large\"><img decoding=\"async\" loading=\"lazy\" width=\"1080\" height=\"1080\" data-id=\"4704\"  src=\"https:\/\/isfdyt83-bue.infd.edu.ar\/sitio\/wp-content\/uploads\/2025\/06\/lunes-4-Belen.jpg\" alt=\"\" class=\"wp-image-4704\" srcset=\"https:\/\/isfdyt83-bue.infd.edu.ar\/sitio\/wp-content\/uploads\/2025\/06\/lunes-4-Belen.jpg 1080w, https:\/\/isfdyt83-bue.infd.edu.ar\/sitio\/wp-content\/uploads\/2025\/06\/lunes-4-Belen-1000x1000.jpg 1000w, https:\/\/isfdyt83-bue.infd.edu.ar\/sitio\/wp-content\/uploads\/2025\/06\/lunes-4-Belen-500x500.jpg 500w, https:\/\/isfdyt83-bue.infd.edu.ar\/sitio\/wp-content\/uploads\/2025\/06\/lunes-4-Belen-768x768.jpg 768w\" sizes=\"(max-width: 1080px) 100vw, 1080px\" \/><\/figure>\n<\/figure>\n\n\n\n<p><\/p>\n\n\n\n<p class=\"has-text-align-center\">Video del d\u00eda lunes            <a href=\"https:\/\/drive.google.com\/file\/d\/1kklKhpeVRofjyXnQpsNczXpBEMFkHyIq\/view?usp=drive_link\">Click Aqui<\/a><\/p>\n\n\n\n<p class=\"has-text-align-center\">Video del d\u00eda martes       <a href=\"https:\/\/drive.google.com\/file\/d\/1dgWj3FLy5uA6BR5ZDFjaLgUoU_ejSeTC\/view?usp=drive_link\"> Click Aqu\u00ed <\/a><\/p>\n\n\n\n<p class=\"has-text-align-center\">Video del d\u00eda Miercoles      <a href=\"https:\/\/drive.google.com\/file\/d\/1HPFcZZI8cbTnMf3yqaa9yRzgDP4FpX1x\/view?usp=drive_link\">Click Aqui<\/a><\/p>\n\n\n\n<p class=\"has-text-align-center\">Video del d\u00eda Jueves        <a href=\"https:\/\/drive.google.com\/file\/d\/1Y3v2gj3J_Udhezf8FVosK7dJB8wVqLYf\/view?usp=drive_link\">Click Aqui<\/a><\/p>\n\n\n\n<figure class=\"wp-block-gallery has-nested-images columns-default is-cropped wp-block-gallery-3 is-layout-flex\">\n<figure class=\"wp-block-image size-large\"><img decoding=\"async\" loading=\"lazy\" width=\"1080\" height=\"1080\" data-id=\"4732\"  src=\"https:\/\/isfdyt83-bue.infd.edu.ar\/sitio\/wp-content\/uploads\/2025\/06\/viernes-1.jpg\" alt=\"\" class=\"wp-image-4732\" srcset=\"https:\/\/isfdyt83-bue.infd.edu.ar\/sitio\/wp-content\/uploads\/2025\/06\/viernes-1.jpg 1080w, https:\/\/isfdyt83-bue.infd.edu.ar\/sitio\/wp-content\/uploads\/2025\/06\/viernes-1-1000x1000.jpg 1000w, https:\/\/isfdyt83-bue.infd.edu.ar\/sitio\/wp-content\/uploads\/2025\/06\/viernes-1-500x500.jpg 500w, https:\/\/isfdyt83-bue.infd.edu.ar\/sitio\/wp-content\/uploads\/2025\/06\/viernes-1-768x768.jpg 768w\" sizes=\"(max-width: 1080px) 100vw, 1080px\" \/><\/figure>\n\n\n\n<figure class=\"wp-block-image size-large\"><img decoding=\"async\" loading=\"lazy\" width=\"1080\" height=\"1080\" data-id=\"4731\"  src=\"https:\/\/isfdyt83-bue.infd.edu.ar\/sitio\/wp-content\/uploads\/2025\/06\/viernes-2.jpg\" alt=\"\" class=\"wp-image-4731\" srcset=\"https:\/\/isfdyt83-bue.infd.edu.ar\/sitio\/wp-content\/uploads\/2025\/06\/viernes-2.jpg 1080w, https:\/\/isfdyt83-bue.infd.edu.ar\/sitio\/wp-content\/uploads\/2025\/06\/viernes-2-1000x1000.jpg 1000w, https:\/\/isfdyt83-bue.infd.edu.ar\/sitio\/wp-content\/uploads\/2025\/06\/viernes-2-500x500.jpg 500w, https:\/\/isfdyt83-bue.infd.edu.ar\/sitio\/wp-content\/uploads\/2025\/06\/viernes-2-768x768.jpg 768w\" sizes=\"(max-width: 1080px) 100vw, 1080px\" \/><\/figure>\n\n\n\n<figure class=\"wp-block-image size-large\"><img decoding=\"async\" loading=\"lazy\" width=\"1080\" height=\"1080\" data-id=\"4730\"  src=\"https:\/\/isfdyt83-bue.infd.edu.ar\/sitio\/wp-content\/uploads\/2025\/06\/viernes-3.jpg\" alt=\"\" class=\"wp-image-4730\" srcset=\"https:\/\/isfdyt83-bue.infd.edu.ar\/sitio\/wp-content\/uploads\/2025\/06\/viernes-3.jpg 1080w, https:\/\/isfdyt83-bue.infd.edu.ar\/sitio\/wp-content\/uploads\/2025\/06\/viernes-3-1000x1000.jpg 1000w, https:\/\/isfdyt83-bue.infd.edu.ar\/sitio\/wp-content\/uploads\/2025\/06\/viernes-3-500x500.jpg 500w, https:\/\/isfdyt83-bue.infd.edu.ar\/sitio\/wp-content\/uploads\/2025\/06\/viernes-3-768x768.jpg 768w\" sizes=\"(max-width: 1080px) 100vw, 1080px\" \/><\/figure>\n<\/figure>\n\n\n\n<figure class=\"wp-block-gallery has-nested-images columns-default is-cropped wp-block-gallery-5 is-layout-flex\">\n<figure class=\"wp-block-image size-large\"><img decoding=\"async\" loading=\"lazy\" width=\"1080\" height=\"1080\" data-id=\"4734\"  src=\"https:\/\/isfdyt83-bue.infd.edu.ar\/sitio\/wp-content\/uploads\/2025\/06\/viernes-4.jpg\" alt=\"\" class=\"wp-image-4734\" srcset=\"https:\/\/isfdyt83-bue.infd.edu.ar\/sitio\/wp-content\/uploads\/2025\/06\/viernes-4.jpg 1080w, https:\/\/isfdyt83-bue.infd.edu.ar\/sitio\/wp-content\/uploads\/2025\/06\/viernes-4-1000x1000.jpg 1000w, https:\/\/isfdyt83-bue.infd.edu.ar\/sitio\/wp-content\/uploads\/2025\/06\/viernes-4-500x500.jpg 500w, https:\/\/isfdyt83-bue.infd.edu.ar\/sitio\/wp-content\/uploads\/2025\/06\/viernes-4-768x768.jpg 768w\" sizes=\"(max-width: 1080px) 100vw, 1080px\" \/><\/figure>\n\n\n\n<figure class=\"wp-block-image size-large\"><img decoding=\"async\" loading=\"lazy\" width=\"1080\" height=\"1080\" data-id=\"4735\"  src=\"https:\/\/isfdyt83-bue.infd.edu.ar\/sitio\/wp-content\/uploads\/2025\/06\/viernes-5.jpg\" alt=\"\" class=\"wp-image-4735\" srcset=\"https:\/\/isfdyt83-bue.infd.edu.ar\/sitio\/wp-content\/uploads\/2025\/06\/viernes-5.jpg 1080w, https:\/\/isfdyt83-bue.infd.edu.ar\/sitio\/wp-content\/uploads\/2025\/06\/viernes-5-1000x1000.jpg 1000w, https:\/\/isfdyt83-bue.infd.edu.ar\/sitio\/wp-content\/uploads\/2025\/06\/viernes-5-500x500.jpg 500w, https:\/\/isfdyt83-bue.infd.edu.ar\/sitio\/wp-content\/uploads\/2025\/06\/viernes-5-768x768.jpg 768w\" sizes=\"(max-width: 1080px) 100vw, 1080px\" \/><\/figure>\n<\/figure>\n","protected":false},"excerpt":{"rendered":"<p>Durante la Semana de la convivencia digital estaremos publicando contenido de concientizaci\u00f3n para el ejercicio de una ciudadan\u00eda responsable a trav\u00e9s de videos cortos para redes sociales y medios digitales. Previamente trabajaremos con las y los estudiantes la producci\u00f3n de los mensajes a transmitir Cursos que participar\u00e1n: 2do. F Bis (Prof. Ed. Inicial) 1ro. K &#8230; <a title=\"Convivencia Digital\" class=\"read-more\" href=\"https:\/\/isfdyt83-bue.infd.edu.ar\/sitio\/convivencia-digital\/\" aria-label=\"More on Convivencia Digital\">[+]<\/a><\/p>\n","protected":false},"author":27,"featured_media":0,"parent":0,"menu_order":0,"comment_status":"closed","ping_status":"closed","template":"","meta":[],"acf":[],"_links":{"self":[{"href":"https:\/\/isfdyt83-bue.infd.edu.ar\/sitio\/wp-json\/wp\/v2\/pages\/4703"}],"collection":[{"href":"https:\/\/isfdyt83-bue.infd.edu.ar\/sitio\/wp-json\/wp\/v2\/pages"}],"about":[{"href":"https:\/\/isfdyt83-bue.infd.edu.ar\/sitio\/wp-json\/wp\/v2\/types\/page"}],"author":[{"embeddable":true,"href":"https:\/\/isfdyt83-bue.infd.edu.ar\/sitio\/wp-json\/wp\/v2\/users\/27"}],"replies":[{"embeddable":true,"href":"https:\/\/isfdyt83-bue.infd.edu.ar\/sitio\/wp-json\/wp\/v2\/comments?post=4703"}],"version-history":[{"count":8,"href":"https:\/\/isfdyt83-bue.infd.edu.ar\/sitio\/wp-json\/wp\/v2\/pages\/4703\/revisions"}],"predecessor-version":[{"id":4879,"href":"https:\/\/isfdyt83-bue.infd.edu.ar\/sitio\/wp-json\/wp\/v2\/pages\/4703\/revisions\/4879"}],"wp:attachment":[{"href":"https:\/\/isfdyt83-bue.infd.edu.ar\/sitio\/wp-json\/wp\/v2\/media?parent=4703"}],"curies":[{"name":"wp","href":"https:\/\/api.w.org\/{rel}","templated":true}]}}