{"id":855,"date":"2018-06-29T17:10:23","date_gmt":"2018-06-29T20:10:23","guid":{"rendered":"https:\/\/isfdyt83-bue.infd.edu.ar\/sitio\/profesorado-de-educacion-secundaria-en-historia\/"},"modified":"2026-03-10T15:22:46","modified_gmt":"2026-03-10T18:22:46","slug":"profesorado-de-educacion-secundaria-en-historia","status":"publish","type":"page","link":"https:\/\/isfdyt83-bue.infd.edu.ar\/sitio\/profesorado-de-educacion-secundaria-en-historia\/","title":{"rendered":"Profesorado de Educaci\u00f3n Secundaria en Historia"},"content":{"rendered":"<div class=\"wp-block-image\">\n<figure class=\"aligncenter size-full is-resized\"><img decoding=\"async\" loading=\"lazy\" src=\"https:\/\/isfdyt83-bue.infd.edu.ar\/sitio\/wp-content\/uploads\/2024\/10\/historia1.png\" alt=\"\" class=\"wp-image-3778\" width=\"468\" height=\"661\"\/><\/figure><\/div>\n\n<p style=\"text-align: center;\"><span style=\"font-family: 'times new roman', times;\"><strong><span style=\"text-decoration: underline;\"><span style=\"font-size: 18pt;\">Profesorado de Educaci\u00f3n Secundaria <\/span><\/span><\/strong><\/span><\/p>\n<p style=\"text-align: center;\"><span style=\"font-family: 'times new roman', times;\"><strong><span style=\"text-decoration: underline;\"><span style=\"font-size: 18pt;\">en Historia<\/span><\/span><\/strong><\/span><\/p>\n<p style=\"text-align: center;\"><span style=\"font-size: 14pt; font-family: 'times new roman', times;\">Duraci\u00f3n 4 A\u00f1os<\/span><\/p>\n<p style=\"text-align: center;\"><a href=\"https:\/\/isfdyt83-bue.infd.edu.ar\/sitio\/wp-content\/uploads\/2025\/03\/Profesorado-de-educacion-secundaria-en-HISTORIA.pdf\">Dise\u00f1o Curricular<\/a><\/p>\n<p style=\"text-align: center;\"><a href=\"https:\/\/isfdyt83-bue.infd.edu.ar\/sitio\/wp-content\/uploads\/2025\/03\/Correlativas-de-educacion-secundaria-en-HISTORIA.pdf\">Correlativas<\/a><\/p>\n<p style=\"text-align: center;\"><a href=\"https:\/\/isfdyt83-bue.infd.edu.ar\/sitio\/wp-content\/uploads\/2025\/03\/ANEXO-13_IF-2023-13369819-GDEBA-SDIFDIDGCYE-1.pdf\">Anexo 13 (equivalencia por cambio de plan)<\/a><\/p>\n<p style=\"text-align: center;\"><a href=\"https:\/\/isfdyt83-bue.infd.edu.ar\/sitio\/wp-content\/uploads\/2026\/03\/HORARIOS-PROFESORADO-DE-HISTORIA-2026.pdf\"><span style=\"font-size: 14pt; font-family: 'times new roman', times;\">Horario de Cursada <\/span><\/a><\/p>\n<p style=\"text-align: center;\"><span style=\"font-size: 14pt; font-family: 'times new roman', times;\">Turno Vespertino de 17:30 a 22:30 Hs.<\/span><\/p>\n<p style=\"text-align: center;\">Av. 893 Nro. 4651 \u2013 S.F.Solano<\/p>\n<h4><strong>ANEXOS para cambios de planes:<\/strong><\/h4>\n<ul>\n<li>\n<h5><strong>Anexo 4: Formulario de Solicitud de opci\u00f3n de permanencia o cambio al nuevo Dise\u00f1o Curricular. Para descargar la planilla hacer click\u00a0<a href=\"https:\/\/isfdyt83-bue.infd.edu.ar\/sitio\/wp-content\/uploads\/2025\/03\/ANEXO_4_IF-2023-13369240-GDEBA-SDIFDIDGCYE.pdf\">aqu\u00ed.<\/a><\/strong><\/h5>\n<\/li>\n<li>\n<h5><strong>Anexo 5:\u00a0<\/strong><strong>Formulario de notificaci\u00f3n de Condiciones acad\u00e9micas para continuar sus estudios en el dise\u00f1o curricular por el que inici\u00f3 la carrera. Para descargar la planilla hacer click\u00a0<a href=\"https:\/\/isfdyt83-bue.infd.edu.ar\/sitio\/wp-content\/uploads\/2025\/03\/ANEXO_5_IF-2023-13369330-GDEBA-SDIFDIDGCYE.pdf\">aqu\u00ed.<\/a><\/strong><\/h5>\n<\/li>\n<li>\n<h5><strong>Anexo 6:\u00a0<\/strong><strong>Formularios de notificaci\u00f3n de la situaci\u00f3n acad\u00e9mica para la continuidad de las trayectorias en los nuevos dise\u00f1os curriculares. Para descargar la planilla hacer click\u00a0<a href=\"https:\/\/isfdyt83-bue.infd.edu.ar\/sitio\/wp-content\/uploads\/2025\/03\/ANEXO_6_IF-2023-13369399-GDEBA-SDIFDIDGCYE.pdf\">aqu\u00ed.<\/a><\/strong><\/h5>\n<\/li>\n<\/ul>\n<p style=\"text-align: center;\"><span style=\"text-decoration: underline; font-family: 'times new roman', times;\"><strong><span style=\"font-size: 14pt;\">JEFA DE AREA<\/span><\/strong><\/span><\/p>\n<p style=\"text-align: center;\"><span style=\"font-family: 'times new roman', times;\"><em><span style=\"font-size: 14pt;\">A convenir<\/span><\/em><\/span><\/p>\n<p style=\"text-align: center;\"><span style=\"text-decoration: underline; font-family: 'times new roman', times;\"><strong><span style=\"font-size: 14pt;\">Preceptora<\/span><\/strong><\/span><\/p>\n<p style=\"text-align: center;\"><span style=\"font-family: 'times new roman', times;\"><em><span style=\"font-size: 14pt;\">Stella Iribarren<\/span><\/em><\/span><\/p>\n<p style=\"text-align: center;\">Email de la carrera: inst83historia@gmail.com<\/p>\n<p style=\"text-align: center;\"><span style=\"font-size: 14pt; color: #0000ff;\"> Vigencia del plan a\u00f1o a a\u00f1o<\/span><\/p>\n\n<div class=\"wp-block-image\">\n<figure class=\"aligncenter size-full\"><img decoding=\"async\" loading=\"lazy\" width=\"748\" height=\"825\" src=\"https:\/\/isfdyt83-bue.infd.edu.ar\/sitio\/wp-content\/uploads\/2025\/03\/Cuadro-de-cambio-de-plan-Eco-Geo-Hist-2.jpeg\" alt=\"\" class=\"wp-image-4564\"\/><\/figure><\/div>","protected":false},"excerpt":{"rendered":"<p>Profesorado de Educaci\u00f3n Secundaria en Historia Duraci\u00f3n 4 A\u00f1os Dise\u00f1o Curricular Correlativas Anexo 13 (equivalencia por cambio de plan) Horario de Cursada Turno Vespertino de 17:30 a 22:30 Hs. Av. 893 Nro. 4651 \u2013 S.F.Solano ANEXOS para cambios de planes: Anexo 4: Formulario de Solicitud de opci\u00f3n de permanencia o cambio al nuevo Dise\u00f1o Curricular. &#8230; <a title=\"Profesorado de Educaci\u00f3n Secundaria en Historia\" class=\"read-more\" href=\"https:\/\/isfdyt83-bue.infd.edu.ar\/sitio\/profesorado-de-educacion-secundaria-en-historia\/\" aria-label=\"More on Profesorado de Educaci\u00f3n Secundaria en Historia\">[+]<\/a><\/p>\n","protected":false},"author":417,"featured_media":0,"parent":0,"menu_order":0,"comment_status":"closed","ping_status":"closed","template":"","meta":[],"acf":[],"_links":{"self":[{"href":"https:\/\/isfdyt83-bue.infd.edu.ar\/sitio\/wp-json\/wp\/v2\/pages\/855"}],"collection":[{"href":"https:\/\/isfdyt83-bue.infd.edu.ar\/sitio\/wp-json\/wp\/v2\/pages"}],"about":[{"href":"https:\/\/isfdyt83-bue.infd.edu.ar\/sitio\/wp-json\/wp\/v2\/types\/page"}],"author":[{"embeddable":true,"href":"https:\/\/isfdyt83-bue.infd.edu.ar\/sitio\/wp-json\/wp\/v2\/users\/417"}],"replies":[{"embeddable":true,"href":"https:\/\/isfdyt83-bue.infd.edu.ar\/sitio\/wp-json\/wp\/v2\/comments?post=855"}],"version-history":[{"count":7,"href":"https:\/\/isfdyt83-bue.infd.edu.ar\/sitio\/wp-json\/wp\/v2\/pages\/855\/revisions"}],"predecessor-version":[{"id":5141,"href":"https:\/\/isfdyt83-bue.infd.edu.ar\/sitio\/wp-json\/wp\/v2\/pages\/855\/revisions\/5141"}],"wp:attachment":[{"href":"https:\/\/isfdyt83-bue.infd.edu.ar\/sitio\/wp-json\/wp\/v2\/media?parent=855"}],"curies":[{"name":"wp","href":"https:\/\/api.w.org\/{rel}","templated":true}]}}