{"id":857,"date":"2018-06-29T17:10:24","date_gmt":"2018-06-29T20:10:24","guid":{"rendered":"https:\/\/isfdyt83-bue.infd.edu.ar\/sitio\/profesorado-de-educacion-inicial\/"},"modified":"2026-03-11T13:45:45","modified_gmt":"2026-03-11T16:45:45","slug":"profesorado-de-educacion-inicial","status":"publish","type":"page","link":"https:\/\/isfdyt83-bue.infd.edu.ar\/sitio\/profesorado-de-educacion-inicial\/","title":{"rendered":"Profesorado de Educaci\u00f3n Inicial"},"content":{"rendered":"<div class=\"wp-block-image\">\n<figure class=\"aligncenter size-full is-resized\"><img decoding=\"async\" loading=\"lazy\" src=\"https:\/\/isfdyt83-bue.infd.edu.ar\/sitio\/wp-content\/uploads\/2024\/10\/inicial1.png\" alt=\"\" class=\"wp-image-3767\" width=\"452\" height=\"636\"\/><\/figure><\/div>\n\n<p>\u00a0<\/p>\n<p style=\"text-align: center;\"><strong><span style=\"text-decoration: underline;\"><span style=\"font-family: 'times new roman', times; font-size: 18pt; background-color: #ffffff;\">Profesorado de Educaci\u00f3n Inicial<\/span><\/span><\/strong><\/p>\n<p style=\"text-align: center;\"><span style=\"font-family: 'times new roman', times; font-size: 14pt; background-color: #ffffff;\">Duraci\u00f3n 4 A\u00f1os<\/span><\/p>\n<p style=\"text-align: center;\"><a href=\"https:\/\/isfdyt83-bue.infd.edu.ar\/sitio\/wp-content\/uploads\/2026\/03\/HORARIOS-PROFESORADO-DE-INICIAL-T.M.-2026.pdf\"><span style=\"font-family: 'times new roman', times; font-size: 14pt; background-color: #ffffff;\">Horario de Cursada TM<\/span><\/a><\/p>\n<p style=\"text-align: center;\"><span style=\"font-family: 'times new roman', times; font-size: 14pt; background-color: #ffffff;\">Turno ma\u00f1ana de 7:40 a 12:15 Hs. (Solo 1er a\u00f1o)<\/span><\/p>\n<p style=\"text-align: center;\"><a href=\"https:\/\/isfdyt83-bue.infd.edu.ar\/sitio\/wp-content\/uploads\/2026\/03\/HORARIOS-PROFESORADO-DE-INICIAL-T.T.-2026-1.pdf\"><span style=\"font-family: 'times new roman', times; font-size: 14pt; background-color: #ffffff;\">Horario de Cursada TT<\/span><\/a><\/p>\n<p style=\"text-align: center;\"><span style=\"font-family: 'times new roman', times; font-size: 14pt; background-color: #ffffff;\">Turno Tarde de 12:40 a 17:15 Hs.<\/span><\/p>\n<p style=\"text-align: center;\"><a href=\"https:\/\/isfdyt83-bue.infd.edu.ar\/sitio\/wp-content\/uploads\/2025\/03\/dieno-curricular-Inicial.pdf\">Dise\u00f1o Curricular<\/a><\/p>\n<p style=\"text-align: center;\"><a href=\"https:\/\/isfdyt83-bue.infd.edu.ar\/sitio\/wp-content\/uploads\/2025\/03\/CORREL.-INICIAL.pdf\">Anexo de Correlatividades del Dise\u00f1o Curricular<\/a><\/p>\n<p>\u00a0<\/p>\n<p style=\"text-align: center;\"><strong><span style=\"text-decoration: underline;\"><span style=\"font-family: 'times new roman', times; font-size: 14pt; background-color: #ffffff;\">Jefe de Area de Inicial<\/span><\/span><\/strong><\/p>\n<p style=\"text-align: center;\"><em><span style=\"font-family: 'times new roman', times; font-size: 14pt; background-color: #ffffff;\">A convenir<\/span><\/em><\/p>\n<p style=\"text-align: center;\"><span style=\"text-decoration: underline;\"><strong><span style=\"font-family: 'times new roman', times; font-size: 14pt; background-color: #ffffff;\">Preceptoras<\/span><\/strong><\/span><\/p>\n<p style=\"text-align: center;\"><em><span style=\"font-family: 'times new roman', times; font-size: 14pt; background-color: #ffffff;\">Turno Ma\u00f1ana: Heike Callegari<\/span><\/em><\/p>\n<p style=\"text-align: center;\"><em><span style=\"font-family: 'times new roman', times; font-size: 14pt; background-color: #ffffff;\">Turno Tarde: Maria Laura Farisco<\/span><\/em><\/p>\n<p style=\"text-align: center;\">Email de la carrera: instituto83inicial@gmail.com<\/p>\n<p>\u00a0<\/p>","protected":false},"excerpt":{"rendered":"<p>\u00a0 Profesorado de Educaci\u00f3n Inicial Duraci\u00f3n 4 A\u00f1os Horario de Cursada TM Turno ma\u00f1ana de 7:40 a 12:15 Hs. (Solo 1er a\u00f1o) Horario de Cursada TT Turno Tarde de 12:40 a 17:15 Hs. Dise\u00f1o Curricular Anexo de Correlatividades del Dise\u00f1o Curricular \u00a0 Jefe de Area de Inicial A convenir Preceptoras Turno Ma\u00f1ana: Heike Callegari Turno &#8230; <a title=\"Profesorado de Educaci\u00f3n Inicial\" class=\"read-more\" href=\"https:\/\/isfdyt83-bue.infd.edu.ar\/sitio\/profesorado-de-educacion-inicial\/\" aria-label=\"More on Profesorado de Educaci\u00f3n Inicial\">[+]<\/a><\/p>\n","protected":false},"author":417,"featured_media":0,"parent":0,"menu_order":0,"comment_status":"closed","ping_status":"closed","template":"","meta":[],"acf":[],"_links":{"self":[{"href":"https:\/\/isfdyt83-bue.infd.edu.ar\/sitio\/wp-json\/wp\/v2\/pages\/857"}],"collection":[{"href":"https:\/\/isfdyt83-bue.infd.edu.ar\/sitio\/wp-json\/wp\/v2\/pages"}],"about":[{"href":"https:\/\/isfdyt83-bue.infd.edu.ar\/sitio\/wp-json\/wp\/v2\/types\/page"}],"author":[{"embeddable":true,"href":"https:\/\/isfdyt83-bue.infd.edu.ar\/sitio\/wp-json\/wp\/v2\/users\/417"}],"replies":[{"embeddable":true,"href":"https:\/\/isfdyt83-bue.infd.edu.ar\/sitio\/wp-json\/wp\/v2\/comments?post=857"}],"version-history":[{"count":11,"href":"https:\/\/isfdyt83-bue.infd.edu.ar\/sitio\/wp-json\/wp\/v2\/pages\/857\/revisions"}],"predecessor-version":[{"id":5180,"href":"https:\/\/isfdyt83-bue.infd.edu.ar\/sitio\/wp-json\/wp\/v2\/pages\/857\/revisions\/5180"}],"wp:attachment":[{"href":"https:\/\/isfdyt83-bue.infd.edu.ar\/sitio\/wp-json\/wp\/v2\/media?parent=857"}],"curies":[{"name":"wp","href":"https:\/\/api.w.org\/{rel}","templated":true}]}}