{"id":859,"date":"2018-06-29T17:10:24","date_gmt":"2018-06-29T20:10:24","guid":{"rendered":"https:\/\/isfdyt83-bue.infd.edu.ar\/sitio\/profesorado-de-educacion-primaria\/"},"modified":"2026-04-06T15:13:45","modified_gmt":"2026-04-06T18:13:45","slug":"profesorado-de-educacion-primaria","status":"publish","type":"page","link":"https:\/\/isfdyt83-bue.infd.edu.ar\/sitio\/profesorado-de-educacion-primaria\/","title":{"rendered":"Profesorado de Educaci\u00f3n Primaria"},"content":{"rendered":"<div class=\"wp-block-image\">\n<figure class=\"aligncenter size-full is-resized\"><img decoding=\"async\" loading=\"lazy\" src=\"https:\/\/isfdyt83-bue.infd.edu.ar\/sitio\/wp-content\/uploads\/2024\/10\/primaria1.png\" alt=\"\" class=\"wp-image-3766\" width=\"486\" height=\"682\"\/><\/figure><\/div>\n\n<p style=\"text-align: center;\"><span style=\"text-decoration: underline;\"><span style=\"font-family: 'times new roman', times; font-size: 18pt;\">Profesorado de Educaci\u00f3n Primaria<\/span><\/span><\/p>\n<p style=\"text-align: center;\"><span style=\"font-family: 'times new roman', times; font-size: 14pt;\">Duraci\u00f3n 4 A\u00f1os<\/span><\/p>\n<p style=\"text-align: center;\"><a href=\"https:\/\/isfdyt83-bue.infd.edu.ar\/sitio\/wp-content\/uploads\/2026\/03\/HORARIOS-PROFESORADO-DE-PRIMARIA-T.M.-2026.pdf\"><span style=\"font-family: 'times new roman', times; font-size: 14pt;\">Horario de Cursada TM<\/span><\/a><\/p>\n<p style=\"text-align: center;\"><span style=\"font-family: 'times new roman', times; font-size: 14pt;\">Turno Ma\u00f1ana de 7:30 a 12:30 Hs.<\/span><\/p>\n<p style=\"text-align: center;\"><a href=\"https:\/\/isfdyt83-bue.infd.edu.ar\/sitio\/wp-content\/uploads\/2026\/03\/HORARIOS-PROFESORADO-DE-PRIMARIA-T.T.-2026.pdf\">Horario de Cursada TT<\/a><\/p>\n<p style=\"text-align: center;\">Turno tarde de 12:40 a 17:15 Hs. (Solo 1er y 2do a\u00f1o)<\/p>\n<p style=\"text-align: center;\"><a href=\"https:\/\/isfdyt83-bue.infd.edu.ar\/sitio\/wp-content\/uploads\/2026\/03\/HORARIOS-PROFESORADO-DE-PRIMARIA-T.V.-2026.pdf\">Horario de Cursada TV<\/a><\/p>\n<p style=\"text-align: center;\"><span style=\"font-family: 'times new roman', times; font-size: 14pt;\">Turno Vespertino de 17:30 a 22:30 Hs.<\/span><\/p>\n<p style=\"text-align: center;\"><a href=\"https:\/\/isfdyt83-bue.infd.edu.ar\/sitio\/wp-content\/uploads\/2025\/03\/dcurricularsuperior-Primaria.pdf\">Dise\u00f1o Curricular<\/a><\/p>\n<p style=\"text-align: center;\"><a href=\"https:\/\/isfdyt83-bue.infd.edu.ar\/sitio\/wp-content\/uploads\/2025\/03\/CORREL.-PRIMARIA.pdf\">Anexo de Correlatividades del Dise\u00f1o Curricular<\/a><\/p>\n<p>\u00a0<\/p>\n<p style=\"text-align: center;\"><strong><span style=\"text-decoration: underline;\"><span style=\"font-family: 'times new roman', times; font-size: 14pt;\" data-mce-mark=\"1\">Jefa de Area de Educaci\u00f3n Primaria<\/span><\/span><\/strong><\/p>\n<p style=\"text-align: center;\"><em><span style=\"font-family: 'times new roman', times; font-size: 14pt;\">Pablo Diaz<\/span><\/em><\/p>\n<p style=\"text-align: center;\"><span style=\"text-decoration: underline;\"><strong><em><span style=\"font-family: 'times new roman', times; font-size: 14pt;\">Preceptores<\/span><\/em><\/strong><\/span><\/p>\n<p style=\"text-align: center;\"><em><span style=\"font-family: 'times new roman', times; font-size: 14pt;\">Turno Ma\u00f1ana: Julio Cadillac<\/span><\/em><\/p>\n<p style=\"text-align: center;\">Email de la carrera TM: instituto83tm@gmail.com<\/p>\n<p style=\"text-align: center;\"><em>Turno tarde: Heike Callegari<\/em><\/p>\n<p style=\"text-align: center;\"><em><span style=\"font-family: 'times new roman', times; font-size: 14pt;\">Turno Vespertino: Aixa Naranjo<\/span><\/em><span style=\"font-family: 'times new roman', times; font-size: 14pt;\">\u00a0<\/span><\/p>\n<p style=\"text-align: center;\">Email de la carrera TV: instituto83primariatv@gmail.com<\/p>\n<p>\u00a0<\/p>","protected":false},"excerpt":{"rendered":"<p>Profesorado de Educaci\u00f3n Primaria Duraci\u00f3n 4 A\u00f1os Horario de Cursada TM Turno Ma\u00f1ana de 7:30 a 12:30 Hs. Horario de Cursada TT Turno tarde de 12:40 a 17:15 Hs. (Solo 1er y 2do a\u00f1o) Horario de Cursada TV Turno Vespertino de 17:30 a 22:30 Hs. Dise\u00f1o Curricular Anexo de Correlatividades del Dise\u00f1o Curricular \u00a0 Jefa &#8230; <a title=\"Profesorado de Educaci\u00f3n Primaria\" class=\"read-more\" href=\"https:\/\/isfdyt83-bue.infd.edu.ar\/sitio\/profesorado-de-educacion-primaria\/\" aria-label=\"More on Profesorado de Educaci\u00f3n Primaria\">[+]<\/a><\/p>\n","protected":false},"author":417,"featured_media":0,"parent":0,"menu_order":0,"comment_status":"closed","ping_status":"closed","template":"","meta":[],"acf":[],"_links":{"self":[{"href":"https:\/\/isfdyt83-bue.infd.edu.ar\/sitio\/wp-json\/wp\/v2\/pages\/859"}],"collection":[{"href":"https:\/\/isfdyt83-bue.infd.edu.ar\/sitio\/wp-json\/wp\/v2\/pages"}],"about":[{"href":"https:\/\/isfdyt83-bue.infd.edu.ar\/sitio\/wp-json\/wp\/v2\/types\/page"}],"author":[{"embeddable":true,"href":"https:\/\/isfdyt83-bue.infd.edu.ar\/sitio\/wp-json\/wp\/v2\/users\/417"}],"replies":[{"embeddable":true,"href":"https:\/\/isfdyt83-bue.infd.edu.ar\/sitio\/wp-json\/wp\/v2\/comments?post=859"}],"version-history":[{"count":14,"href":"https:\/\/isfdyt83-bue.infd.edu.ar\/sitio\/wp-json\/wp\/v2\/pages\/859\/revisions"}],"predecessor-version":[{"id":5208,"href":"https:\/\/isfdyt83-bue.infd.edu.ar\/sitio\/wp-json\/wp\/v2\/pages\/859\/revisions\/5208"}],"wp:attachment":[{"href":"https:\/\/isfdyt83-bue.infd.edu.ar\/sitio\/wp-json\/wp\/v2\/media?parent=859"}],"curies":[{"name":"wp","href":"https:\/\/api.w.org\/{rel}","templated":true}]}}