{"id":882,"date":"2018-06-29T17:10:35","date_gmt":"2018-06-29T20:10:35","guid":{"rendered":"https:\/\/isfdyt83-bue.infd.edu.ar\/sitio\/profesorado-de-educacion-secundaria-en-geografia\/"},"modified":"2026-03-10T15:21:28","modified_gmt":"2026-03-10T18:21:28","slug":"profesorado-de-educacion-secundaria-en-geografia","status":"publish","type":"page","link":"https:\/\/isfdyt83-bue.infd.edu.ar\/sitio\/profesorado-de-educacion-secundaria-en-geografia\/","title":{"rendered":"Profesorado de Educaci\u00f3n Secundaria en Geografia"},"content":{"rendered":"<div class=\"wp-block-image\">\n<figure class=\"aligncenter size-full is-resized\"><img decoding=\"async\" loading=\"lazy\" src=\"https:\/\/isfdyt83-bue.infd.edu.ar\/sitio\/wp-content\/uploads\/2025\/03\/geografia1.png\" alt=\"\" class=\"wp-image-4367\" width=\"463\" height=\"654\"\/><\/figure><\/div>\n\n<p style=\"text-align: center;\"><span style=\"text-decoration: underline;\"><span style=\"font-size: 18pt; font-family: 'times new roman', times;\"><strong>Profesorado de Educaci\u00f3n Secundaria<\/strong><\/span><\/span><\/p>\n<p style=\"text-align: center;\"><span style=\"text-decoration: underline;\"><span style=\"font-size: 18pt; font-family: 'times new roman', times;\"><strong>en Geografia<\/strong><\/span><\/span><\/p>\n<p style=\"text-align: center;\"><span style=\"font-size: 14pt; font-family: 'times new roman', times;\">Duraci\u00f3n 4 A\u00f1os<\/span><\/p>\n<p style=\"text-align: center;\"><a href=\"https:\/\/isfdyt83-bue.infd.edu.ar\/sitio\/wp-content\/uploads\/2025\/03\/IF-2022-40272975-GDEBA-SSEDGCYE-Y-GEOGRAFIA.pdf\">Dise\u00f1o Curricular<\/a><\/p>\n<p style=\"text-align: center;\"><a href=\"https:\/\/isfdyt83-bue.infd.edu.ar\/sitio\/wp-content\/uploads\/2025\/03\/correlativas-de-educacion-secundario-en-GEOGRAFIA.pdf\">Correlativas<\/a><\/p>\n<p style=\"text-align: center;\"><a href=\"https:\/\/isfdyt83-bue.infd.edu.ar\/sitio\/wp-content\/uploads\/2025\/03\/Anexo-12_GEO_IF-2023-13369768-GDEBA-SDIFDIDGCYE.pdf\">Anexo 12 (equivalencias por cambio de plan)<\/a><\/p>\n<p style=\"text-align: center;\"><a href=\"https:\/\/isfdyt83-bue.infd.edu.ar\/sitio\/wp-content\/uploads\/2026\/03\/HORARIOS-PROFESORADO-DE-GEOGRAFIA-2026.pdf\"><span style=\"font-size: 14pt; font-family: 'times new roman', times;\">Horario de Cursada <\/span><\/a><\/p>\n<p style=\"text-align: center;\"><span style=\"font-size: 14pt; font-family: 'times new roman', times;\">Turno Vespertino de 17:30 a 22:10 Hs.\u00a0<\/span><\/p>\n<p style=\"text-align: center;\">Av. 893 Nro. 4651 \u2013 S.F.Solano<\/p>\n<h4>\u00a0<\/h4>\n<h4><strong>ANEXOS para cambios de planes:<\/strong><\/h4>\n<ul>\n<li>\n<h5><strong>Anexo 4: Formulario de Solicitud de opci\u00f3n de permanencia o cambio al nuevo Dise\u00f1o Curricular. Para descargar la planilla hacer click\u00a0<a href=\"https:\/\/isfdyt83-bue.infd.edu.ar\/sitio\/wp-content\/uploads\/2025\/03\/ANEXO_4_IF-2023-13369240-GDEBA-SDIFDIDGCYE.pdf\">aqu\u00ed.<\/a><\/strong><\/h5>\n<\/li>\n<li>\n<h5><strong>Anexo 5:\u00a0<\/strong><strong>Formulario de notificaci\u00f3n de Condiciones acad\u00e9micas para continuar sus estudios en el dise\u00f1o curricular por el que inici\u00f3 la carrera. Para descargar la planilla hacer click\u00a0<a href=\"https:\/\/isfdyt83-bue.infd.edu.ar\/sitio\/wp-content\/uploads\/2025\/03\/ANEXO_5_IF-2023-13369330-GDEBA-SDIFDIDGCYE.pdf\">aqu\u00ed.<\/a><\/strong><\/h5>\n<\/li>\n<li>\n<h5><strong>Anexo 6:\u00a0<\/strong><strong>Formularios de notificaci\u00f3n de la situaci\u00f3n acad\u00e9mica para la continuidad de las trayectorias en los nuevos dise\u00f1os curriculares. Para descargar la planilla hacer click\u00a0<a href=\"https:\/\/isfdyt83-bue.infd.edu.ar\/sitio\/wp-content\/uploads\/2025\/03\/ANEXO_6_IF-2023-13369399-GDEBA-SDIFDIDGCYE.pdf\">aqu\u00ed.<\/a><\/strong><\/h5>\n<\/li>\n<\/ul>\n<p style=\"text-align: center;\"><span style=\"text-decoration: underline;\"><span style=\"font-size: 14pt; font-family: 'times new roman', times;\"><strong>JEFA DE AREA<\/strong><\/span><\/span><\/p>\n<p style=\"text-align: center;\"><span style=\"font-size: 14pt; font-family: 'times new roman', times;\"><em>A convenir<\/em><\/span><\/p>\n<p style=\"text-align: center;\"><span style=\"text-decoration: underline;\"><span style=\"font-size: 14pt; font-family: 'times new roman', times;\"><strong>Preceptor<\/strong><\/span><\/span><\/p>\n<p style=\"text-align: center;\"><span style=\"font-size: 14pt; font-family: 'times new roman', times;\"><em>Ibarrola Walter<\/em><\/span><\/p>\n<p style=\"text-align: center;\">Email de la carrera: instituto83geografia@gmail.com<\/p>\n<p>\u00a0<\/p>\n<p style=\"text-align: center;\"><span style=\"color: #0000ff;\">Vigencia del plan a\u00f1o a a\u00f1o<\/span><\/p>\n\n<div class=\"wp-block-image\">\n<figure class=\"aligncenter size-full\"><img decoding=\"async\" loading=\"lazy\" width=\"748\" height=\"825\" src=\"https:\/\/isfdyt83-bue.infd.edu.ar\/sitio\/wp-content\/uploads\/2025\/03\/Cuadro-de-cambio-de-plan-Eco-Geo-Hist.jpeg\" alt=\"\" class=\"wp-image-4561\"\/><\/figure><\/div>","protected":false},"excerpt":{"rendered":"<p>Profesorado de Educaci\u00f3n Secundaria en Geografia Duraci\u00f3n 4 A\u00f1os Dise\u00f1o Curricular Correlativas Anexo 12 (equivalencias por cambio de plan) Horario de Cursada Turno Vespertino de 17:30 a 22:10 Hs.\u00a0 Av. 893 Nro. 4651 \u2013 S.F.Solano \u00a0 ANEXOS para cambios de planes: Anexo 4: Formulario de Solicitud de opci\u00f3n de permanencia o cambio al nuevo Dise\u00f1o &#8230; <a title=\"Profesorado de Educaci\u00f3n Secundaria en Geografia\" class=\"read-more\" href=\"https:\/\/isfdyt83-bue.infd.edu.ar\/sitio\/profesorado-de-educacion-secundaria-en-geografia\/\" aria-label=\"More on Profesorado de Educaci\u00f3n Secundaria en Geografia\">[+]<\/a><\/p>\n","protected":false},"author":417,"featured_media":0,"parent":0,"menu_order":0,"comment_status":"closed","ping_status":"closed","template":"","meta":[],"acf":[],"_links":{"self":[{"href":"https:\/\/isfdyt83-bue.infd.edu.ar\/sitio\/wp-json\/wp\/v2\/pages\/882"}],"collection":[{"href":"https:\/\/isfdyt83-bue.infd.edu.ar\/sitio\/wp-json\/wp\/v2\/pages"}],"about":[{"href":"https:\/\/isfdyt83-bue.infd.edu.ar\/sitio\/wp-json\/wp\/v2\/types\/page"}],"author":[{"embeddable":true,"href":"https:\/\/isfdyt83-bue.infd.edu.ar\/sitio\/wp-json\/wp\/v2\/users\/417"}],"replies":[{"embeddable":true,"href":"https:\/\/isfdyt83-bue.infd.edu.ar\/sitio\/wp-json\/wp\/v2\/comments?post=882"}],"version-history":[{"count":7,"href":"https:\/\/isfdyt83-bue.infd.edu.ar\/sitio\/wp-json\/wp\/v2\/pages\/882\/revisions"}],"predecessor-version":[{"id":5138,"href":"https:\/\/isfdyt83-bue.infd.edu.ar\/sitio\/wp-json\/wp\/v2\/pages\/882\/revisions\/5138"}],"wp:attachment":[{"href":"https:\/\/isfdyt83-bue.infd.edu.ar\/sitio\/wp-json\/wp\/v2\/media?parent=882"}],"curies":[{"name":"wp","href":"https:\/\/api.w.org\/{rel}","templated":true}]}}