{"id":884,"date":"2018-06-29T17:10:36","date_gmt":"2018-06-29T20:10:36","guid":{"rendered":"https:\/\/isfdyt83-bue.infd.edu.ar\/sitio\/profesorado-de-educacion-secundaria-en-lengua-y-literatura\/"},"modified":"2026-03-10T15:25:33","modified_gmt":"2026-03-10T18:25:33","slug":"profesorado-de-educacion-secundaria-en-lengua-y-literatura","status":"publish","type":"page","link":"https:\/\/isfdyt83-bue.infd.edu.ar\/sitio\/profesorado-de-educacion-secundaria-en-lengua-y-literatura\/","title":{"rendered":"Profesorado de Educaci\u00f3n Secundaria en Lengua y Literatura"},"content":{"rendered":"<div class=\"wp-block-image\">\n<figure class=\"aligncenter size-full is-resized\"><img decoding=\"async\" loading=\"lazy\" src=\"https:\/\/isfdyt83-bue.infd.edu.ar\/sitio\/wp-content\/uploads\/2024\/10\/lengua1.png\" alt=\"\" class=\"wp-image-3770\" width=\"484\" height=\"678\"\/><\/figure><\/div>\n\n<p style=\"text-align: center;\"><strong><span style=\"text-decoration: underline;\"><span style=\"color: #3366ff; font-size: 18pt; font-family: 'times new roman', times; text-decoration: underline;\">Profesorado de Educaci\u00f3n Secundaria en <\/span><\/span><\/strong><\/p>\n<p style=\"text-align: center;\"><strong><span style=\"text-decoration: underline;\"><span style=\"color: #3366ff; font-size: 18pt; font-family: 'times new roman', times; text-decoration: underline;\">Lengua y Literatura<\/span><\/span><\/strong><\/p>\n<p style=\"text-align: center;\"><span style=\"color: #3366ff; font-size: 14pt; font-family: 'times new roman', times;\">Duraci\u00f3n 4 A\u00f1os<\/span><\/p>\n<p style=\"text-align: center;\"><a href=\"https:\/\/isfdyt83-bue.infd.edu.ar\/sitio\/wp-content\/uploads\/2025\/03\/Profesorado-de-Educacion-Secundaria-en-Lengua-y-Literatura.pdf\">Dise\u00f1o Curricular PLAN VIEJO<\/a><\/p>\n<p style=\"text-align: center;\"><a href=\"https:\/\/isfdyt83-bue.infd.edu.ar\/sitio\/wp-content\/uploads\/2025\/03\/correlativas-lengua-y-literatura.pdf\">Anexo de Correlatividades del Dise\u00f1o Curricular PLAN VIEJO<\/a><\/p>\n<p style=\"text-align: center;\"><a href=\"https:\/\/isfdyt83-bue.infd.edu.ar\/sitio\/wp-content\/uploads\/2026\/03\/RESOC-2025-5883-GDEBA-DGCYE-2.pdf\"><span style=\"color: #ff0000;\">Dise\u00f1o Curricular PLAN NUEVO<\/span><\/a><\/p>\n<p style=\"text-align: center;\"><a href=\"https:\/\/isfdyt83-bue.infd.edu.ar\/sitio\/wp-content\/uploads\/2026\/03\/Correlativas-Lengua-PLAN-NUEVO.pdf\"><span style=\"color: #ff0000;\">Correlativas PLAN NUEVO<\/span><\/a><\/p>\n<p style=\"text-align: center;\"><a href=\"https:\/\/isfdyt83-bue.infd.edu.ar\/sitio\/wp-content\/uploads\/2026\/03\/HORARIOS-PROFESORADO-DE-LENGUA-2026.pdf\"><span style=\"color: #3366ff; font-size: 14pt; font-family: 'times new roman', times;\">Horario de Cursada <\/span><\/a><\/p>\n<p style=\"text-align: center;\"><span style=\"color: #3366ff; font-size: 14pt; font-family: 'times new roman', times;\">Turno Vespertino de 17:30 a 22:10 Hs.<\/span><\/p>\n<p>\u00a0<\/p>\n<p style=\"text-align: center;\"><span style=\"color: #3366ff; font-size: 14pt; font-family: 'times new roman', times;\"><span style=\"text-decoration: underline;\"><strong>Jefa de Area de Lengua y Literatura<\/strong><\/span>\u00a0<\/span><\/p>\n<p style=\"text-align: center;\"><em><span style=\"color: #3366ff; font-size: 14pt; font-family: 'times new roman', times;\">PROFESOR\u00a0 MARCELO PERALTA<\/span><\/em><\/p>\n<p style=\"text-align: center;\"><strong><span style=\"text-decoration: underline;\"><span style=\"color: #3366ff; font-size: 14pt; font-family: 'times new roman', times; text-decoration: underline;\">Preceptora<\/span><\/span><\/strong><\/p>\n<p style=\"text-align: center;\"><span style=\"color: #3366ff; font-family: 'times new roman', times;\"><em><span style=\"font-size: 14pt;\">Prof. Silpitucla Silvina<\/span><\/em><br \/><\/span><\/p>\n<p style=\"text-align: center;\">Email de la carrera: instituto83lenguayliteratura@gmail.com<\/p>\n<p style=\"text-align: center;\">\u00a0<\/p>\n\n\n<h2 class=\"wp-block-heading has-text-align-center\"><strong><mark style=\"background-color:var(--contrast-3)\" class=\"has-inline-color has-accent-color\">APORTES PARA LA CARRERA DE DOCENTES Y ALUMNOS<\/mark><\/strong><\/h2>\n\n\n\n<p>Armado por los alumnos de 4to a\u00f1o de la carrera. Hacer click en la imagen<\/p>\n\n\n\n<figure class=\"wp-block-image size-full is-resized\"><a href=\"https:\/\/heyzine.com\/flip-book\/78ba48d79a.html\"><img decoding=\"async\" loading=\"lazy\" src=\"https:\/\/isfdyt83-bue.infd.edu.ar\/sitio\/wp-content\/uploads\/2025\/09\/WhatsApp-Image-2025-09-24-at-15.24.08.jpeg\" alt=\"\" class=\"wp-image-4864\" width=\"363\" height=\"519\" srcset=\"https:\/\/isfdyt83-bue.infd.edu.ar\/sitio\/wp-content\/uploads\/2025\/09\/WhatsApp-Image-2025-09-24-at-15.24.08.jpeg 1117w, https:\/\/isfdyt83-bue.infd.edu.ar\/sitio\/wp-content\/uploads\/2025\/09\/WhatsApp-Image-2025-09-24-at-15.24.08-698x1000.jpeg 698w, https:\/\/isfdyt83-bue.infd.edu.ar\/sitio\/wp-content\/uploads\/2025\/09\/WhatsApp-Image-2025-09-24-at-15.24.08-768x1100.jpeg 768w, https:\/\/isfdyt83-bue.infd.edu.ar\/sitio\/wp-content\/uploads\/2025\/09\/WhatsApp-Image-2025-09-24-at-15.24.08-1072x1536.jpeg 1072w\" sizes=\"(max-width: 363px) 100vw, 363px\" \/><\/a><\/figure>\n","protected":false},"excerpt":{"rendered":"<p>Profesorado de Educaci\u00f3n Secundaria en Lengua y Literatura Duraci\u00f3n 4 A\u00f1os Dise\u00f1o Curricular PLAN VIEJO Anexo de Correlatividades del Dise\u00f1o Curricular PLAN VIEJO Dise\u00f1o Curricular PLAN NUEVO Correlativas PLAN NUEVO Horario de Cursada Turno Vespertino de 17:30 a 22:10 Hs. \u00a0 Jefa de Area de Lengua y Literatura\u00a0 PROFESOR\u00a0 MARCELO PERALTA Preceptora Prof. Silpitucla Silvina &#8230; <a title=\"Profesorado de Educaci\u00f3n Secundaria en Lengua y Literatura\" class=\"read-more\" href=\"https:\/\/isfdyt83-bue.infd.edu.ar\/sitio\/profesorado-de-educacion-secundaria-en-lengua-y-literatura\/\" aria-label=\"More on Profesorado de Educaci\u00f3n Secundaria en Lengua y Literatura\">[+]<\/a><\/p>\n","protected":false},"author":417,"featured_media":0,"parent":0,"menu_order":0,"comment_status":"closed","ping_status":"closed","template":"","meta":[],"acf":[],"_links":{"self":[{"href":"https:\/\/isfdyt83-bue.infd.edu.ar\/sitio\/wp-json\/wp\/v2\/pages\/884"}],"collection":[{"href":"https:\/\/isfdyt83-bue.infd.edu.ar\/sitio\/wp-json\/wp\/v2\/pages"}],"about":[{"href":"https:\/\/isfdyt83-bue.infd.edu.ar\/sitio\/wp-json\/wp\/v2\/types\/page"}],"author":[{"embeddable":true,"href":"https:\/\/isfdyt83-bue.infd.edu.ar\/sitio\/wp-json\/wp\/v2\/users\/417"}],"replies":[{"embeddable":true,"href":"https:\/\/isfdyt83-bue.infd.edu.ar\/sitio\/wp-json\/wp\/v2\/comments?post=884"}],"version-history":[{"count":10,"href":"https:\/\/isfdyt83-bue.infd.edu.ar\/sitio\/wp-json\/wp\/v2\/pages\/884\/revisions"}],"predecessor-version":[{"id":5147,"href":"https:\/\/isfdyt83-bue.infd.edu.ar\/sitio\/wp-json\/wp\/v2\/pages\/884\/revisions\/5147"}],"wp:attachment":[{"href":"https:\/\/isfdyt83-bue.infd.edu.ar\/sitio\/wp-json\/wp\/v2\/media?parent=884"}],"curies":[{"name":"wp","href":"https:\/\/api.w.org\/{rel}","templated":true}]}}