{"id":886,"date":"2018-06-29T17:10:37","date_gmt":"2018-06-29T20:10:37","guid":{"rendered":"https:\/\/isfdyt83-bue.infd.edu.ar\/sitio\/profesorado-de-educacion-secundaria-en-economia\/"},"modified":"2026-03-10T15:24:09","modified_gmt":"2026-03-10T18:24:09","slug":"profesorado-de-educacion-secundaria-en-economia","status":"publish","type":"page","link":"https:\/\/isfdyt83-bue.infd.edu.ar\/sitio\/profesorado-de-educacion-secundaria-en-economia\/","title":{"rendered":"Profesorado de Educaci\u00f3n Secundaria en Economia"},"content":{"rendered":"<div class=\"wp-block-image\">\n<figure class=\"aligncenter size-full is-resized\"><img decoding=\"async\" loading=\"lazy\" src=\"https:\/\/isfdyt83-bue.infd.edu.ar\/sitio\/wp-content\/uploads\/2024\/10\/economia1.png\" alt=\"\" class=\"wp-image-3774\" width=\"471\" height=\"663\"\/><\/figure><\/div>\n\n<p style=\"text-align: center;\"><span style=\"font-family: 'times new roman', times; font-size: 18pt; color: #999999;\"><strong><span style=\"text-decoration: underline;\"><span style=\"text-decoration: underline;\">Profesorado de Educaci\u00f3n Secundaria en Econom\u00eda<\/span><\/span><\/strong><\/span><\/p>\n<p style=\"text-align: center;\"><span style=\"font-size: 14pt; font-family: 'times new roman', times; color: #999999;\">Duraci\u00f3n 4 A\u00f1os<\/span><\/p>\n<p style=\"text-align: center;\"><span style=\"font-size: 14pt; font-family: 'times new roman', times; color: #999999;\">T\u00edtulo Oficial<\/span><\/p>\n<p style=\"text-align: center;\"><a href=\"https:\/\/isfdyt83-bue.infd.edu.ar\/sitio\/wp-content\/uploads\/2025\/03\/IF-2022-40271933-GDEBA-SSEDGCYE-ECONOMIA_compressed.pdf\">Dise\u00f1o Curricular<\/a><\/p>\n<p style=\"text-align: center;\"><a href=\"https:\/\/isfdyt83-bue.infd.edu.ar\/sitio\/wp-content\/uploads\/2025\/03\/correlativas-educacion-secundario-en-ECONOMIA.pdf\">Correlativas<\/a><\/p>\n<p style=\"text-align: center;\"><a href=\"https:\/\/isfdyt83-bue.infd.edu.ar\/sitio\/wp-content\/uploads\/2025\/03\/ANEXO-10-economia.pdf\">Anexo 10 (equivalencias por cambio de plan)<\/a><\/p>\n<p style=\"text-align: center;\"><a href=\"https:\/\/isfdyt83-bue.infd.edu.ar\/sitio\/wp-content\/uploads\/2026\/03\/HORARIOS-PROFESORADO-DE-ECONOMIA-2026.pdf\"><span style=\"color: #0000ff;\"><span style=\"font-size: 14pt; font-family: 'times new roman', times;\">Horario de Cursada <\/span><\/span><\/a><\/p>\n<p style=\"text-align: center;\"><span style=\"font-size: 14pt; font-family: 'times new roman', times; color: #999999;\">Turno Vespertino de 17:30 a 22:30 Hs.<\/span><\/p>\n<p style=\"text-align: center;\">Av. 893 Nro. 4651 \u2013 S.F.Solano<\/p>\n<h4><strong>ANEXOS para cambios de planes:<\/strong><\/h4>\n<ul>\n<li>\n<h5><strong>Anexo 4: Formulario de Solicitud de opci\u00f3n de permanencia o cambio al nuevo Dise\u00f1o Curricular. Para descargar la planilla hacer click\u00a0<a href=\"https:\/\/isfdyt83-bue.infd.edu.ar\/sitio\/wp-content\/uploads\/2025\/03\/ANEXO_4_IF-2023-13369240-GDEBA-SDIFDIDGCYE.pdf\">aqu\u00ed.<\/a><\/strong><\/h5>\n<\/li>\n<li>\n<h5><strong>Anexo 5:\u00a0<\/strong><strong>Formulario de notificaci\u00f3n de Condiciones acad\u00e9micas para continuar sus estudios en el dise\u00f1o curricular por el que inici\u00f3 la carrera. Para descargar la planilla hacer click\u00a0<a href=\"https:\/\/isfdyt83-bue.infd.edu.ar\/sitio\/wp-content\/uploads\/2025\/03\/ANEXO_5_IF-2023-13369330-GDEBA-SDIFDIDGCYE.pdf\">aqu\u00ed.<\/a><\/strong><\/h5>\n<\/li>\n<li>\n<h5><strong>Anexo 6:\u00a0<\/strong><strong>Formularios de notificaci\u00f3n de la situaci\u00f3n acad\u00e9mica para la continuidad de las trayectorias en los nuevos dise\u00f1os curriculares. Para descargar la planilla hacer click\u00a0<a href=\"https:\/\/isfdyt83-bue.infd.edu.ar\/sitio\/wp-content\/uploads\/2025\/03\/ANEXO_6_IF-2023-13369399-GDEBA-SDIFDIDGCYE.pdf\">aqu\u00ed.<\/a><\/strong><\/h5>\n<\/li>\n<\/ul>\n<p style=\"text-align: center;\"><span style=\"color: #999999;\"><strong><span style=\"text-decoration: underline;\"><span style=\"font-size: 14pt; font-family: 'times new roman', times; text-decoration: underline;\">Preceptor<\/span><\/span><\/strong><\/span><\/p>\n<p style=\"text-align: center;\"><span style=\"color: #999999;\"><em><span style=\"font-size: 14pt; font-family: 'times new roman', times;\">Luis Monzon<\/span><\/em><\/span><\/p>\n<p style=\"text-align: center;\"><span style=\"color: #999999; font-family: times new roman, times;\"><span style=\"font-size: 18.6667px;\"><i>Email de la carrera: instituto83economia@gmail.com<\/i><\/span><\/span><\/p>\n<p>\u00a0<\/p>\n<p style=\"text-align: center;\"><span style=\"color: #0000ff;\">Vigencia del plan a\u00f1o a a\u00f1o<\/span><\/p>\n\n<div class=\"wp-block-image\">\n<figure class=\"aligncenter size-full\"><img decoding=\"async\" loading=\"lazy\" width=\"748\" height=\"825\" src=\"https:\/\/isfdyt83-bue.infd.edu.ar\/sitio\/wp-content\/uploads\/2025\/03\/Cuadro-de-cambio-de-plan-Eco-Geo-Hist-1.jpeg\" alt=\"\" class=\"wp-image-4563\"\/><\/figure><\/div>","protected":false},"excerpt":{"rendered":"<p>Profesorado de Educaci\u00f3n Secundaria en Econom\u00eda Duraci\u00f3n 4 A\u00f1os T\u00edtulo Oficial Dise\u00f1o Curricular Correlativas Anexo 10 (equivalencias por cambio de plan) Horario de Cursada Turno Vespertino de 17:30 a 22:30 Hs. Av. 893 Nro. 4651 \u2013 S.F.Solano ANEXOS para cambios de planes: Anexo 4: Formulario de Solicitud de opci\u00f3n de permanencia o cambio al nuevo &#8230; <a title=\"Profesorado de Educaci\u00f3n Secundaria en Economia\" class=\"read-more\" href=\"https:\/\/isfdyt83-bue.infd.edu.ar\/sitio\/profesorado-de-educacion-secundaria-en-economia\/\" aria-label=\"More on Profesorado de Educaci\u00f3n Secundaria en Economia\">[+]<\/a><\/p>\n","protected":false},"author":417,"featured_media":0,"parent":0,"menu_order":0,"comment_status":"closed","ping_status":"closed","template":"","meta":[],"acf":[],"_links":{"self":[{"href":"https:\/\/isfdyt83-bue.infd.edu.ar\/sitio\/wp-json\/wp\/v2\/pages\/886"}],"collection":[{"href":"https:\/\/isfdyt83-bue.infd.edu.ar\/sitio\/wp-json\/wp\/v2\/pages"}],"about":[{"href":"https:\/\/isfdyt83-bue.infd.edu.ar\/sitio\/wp-json\/wp\/v2\/types\/page"}],"author":[{"embeddable":true,"href":"https:\/\/isfdyt83-bue.infd.edu.ar\/sitio\/wp-json\/wp\/v2\/users\/417"}],"replies":[{"embeddable":true,"href":"https:\/\/isfdyt83-bue.infd.edu.ar\/sitio\/wp-json\/wp\/v2\/comments?post=886"}],"version-history":[{"count":6,"href":"https:\/\/isfdyt83-bue.infd.edu.ar\/sitio\/wp-json\/wp\/v2\/pages\/886\/revisions"}],"predecessor-version":[{"id":5144,"href":"https:\/\/isfdyt83-bue.infd.edu.ar\/sitio\/wp-json\/wp\/v2\/pages\/886\/revisions\/5144"}],"wp:attachment":[{"href":"https:\/\/isfdyt83-bue.infd.edu.ar\/sitio\/wp-json\/wp\/v2\/media?parent=886"}],"curies":[{"name":"wp","href":"https:\/\/api.w.org\/{rel}","templated":true}]}}