{"id":889,"date":"2018-06-29T17:10:38","date_gmt":"2018-06-29T20:10:38","guid":{"rendered":"https:\/\/isfdyt83-bue.infd.edu.ar\/sitio\/profesorado-de-ingles\/"},"modified":"2026-04-06T15:15:32","modified_gmt":"2026-04-06T18:15:32","slug":"profesorado-de-ingles","status":"publish","type":"page","link":"https:\/\/isfdyt83-bue.infd.edu.ar\/sitio\/profesorado-de-ingles\/","title":{"rendered":"Profesorado de Ingles"},"content":{"rendered":"<div class=\"wp-block-image\">\n<figure class=\"aligncenter size-full is-resized\"><img decoding=\"async\" loading=\"lazy\" src=\"https:\/\/isfdyt83-bue.infd.edu.ar\/sitio\/wp-content\/uploads\/2024\/10\/ingles1.png\" alt=\"\" class=\"wp-image-3771\" width=\"457\" height=\"642\"\/><\/figure><\/div>\n\n<p style=\"text-align: center;\"><span style=\"text-decoration: underline; font-size: 24pt;\"><span style=\"font-family: 'times new roman', times;\"><strong>Profesorado de Ingles<\/strong><\/span><\/span><\/p>\n<p style=\"text-align: center;\"><span style=\"font-size: 14pt; font-family: 'times new roman', times;\">Duraci\u00f3n 4 A\u00f1os<\/span><\/p>\n<p style=\"text-align: center;\"><a href=\"https:\/\/isfdyt83-bue.infd.edu.ar\/sitio\/wp-content\/uploads\/2025\/03\/Profesorado-de-Educacion-Secundaria-en-Ingles.pdf\">Dise\u00f1o Curricular<\/a><\/p>\n<p style=\"text-align: center;\"><a href=\"https:\/\/isfdyt83-bue.infd.edu.ar\/sitio\/wp-content\/uploads\/2025\/03\/correlativas-Ingles.pdf\">Anexo de Correlatividades del dise\u00f1o curricular<\/a><\/p>\n<p style=\"text-align: center;\"><a href=\"https:\/\/isfdyt83-bue.infd.edu.ar\/sitio\/wp-content\/uploads\/2026\/03\/HORARIOS-PROFESORADO-DE-INGLES-2026.pdf\"><span style=\"font-size: 14pt; font-family: 'times new roman', times;\">Horario de Cursada<\/span><\/a><\/p>\n<p style=\"text-align: center;\"><span style=\"font-size: 14pt; font-family: 'times new roman', times;\">1er A\u00d1O y 2do A\u00d1O en Turno Tarde de 12:40 a 17:15 Hs.<\/span><\/p>\n<p style=\"text-align: center;\">\u00a0<\/p>\n<p style=\"text-align: center;\"><span style=\"font-size: 14pt; font-family: 'times new roman', times;\">3ro y 4to A\u00d1O &#8211; Turno Vespertino de 17:30 a 22:30 Hs.<\/span><\/p>\n<p style=\"text-align: center;\">\u00a0<\/p>\n<p style=\"text-align: center;\"><span style=\"font-size: 14pt; font-family: 'times new roman', times;\"><strong>JEFE DE AREA<\/strong><\/span><\/p>\n<p style=\"text-align: center;\"><span style=\"font-size: 14pt; font-family: 'times new roman', times;\"><em>Vallejos Marcos<\/em><\/span><\/p>\n<p style=\"text-align: center;\"><span style=\"font-size: 14pt; font-family: 'times new roman', times;\"><strong>Preceptores<\/strong><\/span><\/p>\n<p style=\"text-align: center;\"><span style=\"font-size: 14pt; font-family: 'times new roman', times;\">Turno Tarde<em> Viviana Bordon<\/em><\/span><\/p>\n<p style=\"text-align: center;\">Turno Vespertino Maria Bagnoli<\/p>\n<p style=\"text-align: center;\">Email de la carrera: isfdt83ingles@gmail.com<\/p>","protected":false},"excerpt":{"rendered":"<p>Profesorado de Ingles Duraci\u00f3n 4 A\u00f1os Dise\u00f1o Curricular Anexo de Correlatividades del dise\u00f1o curricular Horario de Cursada 1er A\u00d1O y 2do A\u00d1O en Turno Tarde de 12:40 a 17:15 Hs. \u00a0 3ro y 4to A\u00d1O &#8211; Turno Vespertino de 17:30 a 22:30 Hs. \u00a0 JEFE DE AREA Vallejos Marcos Preceptores Turno Tarde Viviana Bordon Turno &#8230; <a title=\"Profesorado de Ingles\" class=\"read-more\" href=\"https:\/\/isfdyt83-bue.infd.edu.ar\/sitio\/profesorado-de-ingles\/\" aria-label=\"More on Profesorado de Ingles\">[+]<\/a><\/p>\n","protected":false},"author":417,"featured_media":0,"parent":0,"menu_order":0,"comment_status":"closed","ping_status":"closed","template":"","meta":[],"acf":[],"_links":{"self":[{"href":"https:\/\/isfdyt83-bue.infd.edu.ar\/sitio\/wp-json\/wp\/v2\/pages\/889"}],"collection":[{"href":"https:\/\/isfdyt83-bue.infd.edu.ar\/sitio\/wp-json\/wp\/v2\/pages"}],"about":[{"href":"https:\/\/isfdyt83-bue.infd.edu.ar\/sitio\/wp-json\/wp\/v2\/types\/page"}],"author":[{"embeddable":true,"href":"https:\/\/isfdyt83-bue.infd.edu.ar\/sitio\/wp-json\/wp\/v2\/users\/417"}],"replies":[{"embeddable":true,"href":"https:\/\/isfdyt83-bue.infd.edu.ar\/sitio\/wp-json\/wp\/v2\/comments?post=889"}],"version-history":[{"count":7,"href":"https:\/\/isfdyt83-bue.infd.edu.ar\/sitio\/wp-json\/wp\/v2\/pages\/889\/revisions"}],"predecessor-version":[{"id":5210,"href":"https:\/\/isfdyt83-bue.infd.edu.ar\/sitio\/wp-json\/wp\/v2\/pages\/889\/revisions\/5210"}],"wp:attachment":[{"href":"https:\/\/isfdyt83-bue.infd.edu.ar\/sitio\/wp-json\/wp\/v2\/media?parent=889"}],"curies":[{"name":"wp","href":"https:\/\/api.w.org\/{rel}","templated":true}]}}