{"id":891,"date":"2018-06-29T17:10:38","date_gmt":"2018-06-29T20:10:38","guid":{"rendered":"https:\/\/isfdyt83-bue.infd.edu.ar\/sitio\/tecnicatura-superior-en-seguridad-e-higiene-en-el-trabajo\/"},"modified":"2026-03-10T15:30:41","modified_gmt":"2026-03-10T18:30:41","slug":"tecnicatura-superior-en-seguridad-e-higiene-en-el-trabajo","status":"publish","type":"page","link":"https:\/\/isfdyt83-bue.infd.edu.ar\/sitio\/tecnicatura-superior-en-seguridad-e-higiene-en-el-trabajo\/","title":{"rendered":"Tecnicatura Superior en Seguridad e Higiene en el Trabajo"},"content":{"rendered":"\n<p><\/p>\n\n\n<div class=\"wp-block-image\">\n<figure class=\"aligncenter size-full is-resized\"><img decoding=\"async\" loading=\"lazy\" src=\"https:\/\/isfdyt83-bue.infd.edu.ar\/sitio\/wp-content\/uploads\/2024\/10\/Seguridad1.jpeg\" alt=\"\" class=\"wp-image-3759\" width=\"497\" height=\"703\" srcset=\"https:\/\/isfdyt83-bue.infd.edu.ar\/sitio\/wp-content\/uploads\/2024\/10\/Seguridad1.jpeg 793w, https:\/\/isfdyt83-bue.infd.edu.ar\/sitio\/wp-content\/uploads\/2024\/10\/Seguridad1-707x1000.jpeg 707w, https:\/\/isfdyt83-bue.infd.edu.ar\/sitio\/wp-content\/uploads\/2024\/10\/Seguridad1-768x1087.jpeg 768w\" sizes=\"(max-width: 497px) 100vw, 497px\" \/><\/figure><\/div>\n\n<p style=\"text-align: center;\"><span style=\"font-size: 18pt; color: #993366;\"><strong><span style=\"text-decoration: underline;\"><span style=\"font-family: 'times new roman', times;\">Tecnicatura Superior en Seguridad e Higiene <\/span><\/span><\/strong><\/span><\/p>\n<p style=\"text-align: center;\"><span style=\"font-size: 18pt; color: #993366;\"><strong><span style=\"text-decoration: underline;\"><span style=\"font-family: 'times new roman', times;\">en el Trabajo<\/span><\/span><\/strong><\/span><\/p>\n<p style=\"text-align: center;\"><span style=\"font-size: 14pt; font-family: 'times new roman', times; color: #993366;\">Duraci\u00f3n 3 A\u00f1os<\/span><\/p>\n<p style=\"text-align: center;\"><span style=\"font-size: 14pt; font-family: 'times new roman', times; color: #993366;\">Titulo Oficial<\/span><\/p>\n<p style=\"text-align: center;\"><a href=\"https:\/\/isfdyt83-bue.infd.edu.ar\/sitio\/wp-content\/uploads\/2025\/02\/320-13-seguridad-e-higiene-ambiental-escaneada-1.pdf\">Dise\u00f1o Curricular (Plan Viejo)<\/a><\/p>\n<p style=\"text-align: center;\"><a href=\"https:\/\/isfdyt83-bue.infd.edu.ar\/sitio\/wp-content\/uploads\/2025\/03\/correlativas-Higiene-y-seguridad-en-el-trabajo.jpeg\">Correlativas(Plan Viejo)<\/a><\/p>\n<p style=\"text-align: center;\"><a href=\"https:\/\/isfdyt83-bue.infd.edu.ar\/sitio\/wp-content\/uploads\/2026\/03\/6183-25-Higiene-Seguridad-y-Ambiente-Laboral.pdf\">Dise\u00f1o Curricular (Plan Nuevo)<\/a><\/p>\n<p style=\"text-align: center;\"><a href=\"https:\/\/isfdyt83-bue.infd.edu.ar\/sitio\/wp-content\/uploads\/2026\/03\/Correlativas-Seguridad.png\">Correlativas (Plan Nuevo)<\/a><\/p>\n<p style=\"text-align: center;\"><a href=\"https:\/\/isfdyt83-bue.infd.edu.ar\/sitio\/wp-content\/uploads\/2026\/03\/HORARIOS-TECNICATURA-EN-SEGURIDAD-2026.pdf\"><span style=\"font-size: 14pt; font-family: 'times new roman', times; color: #993366;\">Horario de Cursada <\/span><\/a><\/p>\n<p style=\"text-align: center;\"><span style=\"font-size: 14pt; font-family: 'times new roman', times; color: #993366;\">Turno Vespertino de Lunes a Viernes de 17:30 a 22:10 Hs.\u00a0<\/span><\/p>\n<p style=\"text-align: center;\"><span style=\"font-size: 14pt; font-family: 'times new roman', times; color: #993366;\">Av. 893 Nro. 4651 &#8211; S.F.Solano <\/span><span style=\"font-size: 14pt; font-family: 'times new roman', times; color: #993366;\">\u00a0<\/span><\/p>\n<p style=\"text-align: center;\"><span style=\"font-size: 14pt; font-family: 'times new roman', times; color: #993366;\"><strong>Preceptora<\/strong><\/span><\/p>\n<p style=\"text-align: center;\"><span style=\"font-size: 14pt; font-family: 'times new roman', times; color: #993366;\"><em>Prof. <strong>LORENA MARTINEZ<\/strong><\/em><\/span><\/p>\n<p style=\"text-align: center;\">Email de la carrera: <em><strong>instituto83seguridad@gmail.com<\/strong><\/em><\/p>\n<p>\u00a0<\/p>","protected":false},"excerpt":{"rendered":"<p>Tecnicatura Superior en Seguridad e Higiene en el Trabajo Duraci\u00f3n 3 A\u00f1os Titulo Oficial Dise\u00f1o Curricular (Plan Viejo) Correlativas(Plan Viejo) Dise\u00f1o Curricular (Plan Nuevo) Correlativas (Plan Nuevo) Horario de Cursada Turno Vespertino de Lunes a Viernes de 17:30 a 22:10 Hs.\u00a0 Av. 893 Nro. 4651 &#8211; S.F.Solano \u00a0 Preceptora Prof. LORENA MARTINEZ Email de la &#8230; <a title=\"Tecnicatura Superior en Seguridad e Higiene en el Trabajo\" class=\"read-more\" href=\"https:\/\/isfdyt83-bue.infd.edu.ar\/sitio\/tecnicatura-superior-en-seguridad-e-higiene-en-el-trabajo\/\" aria-label=\"More on Tecnicatura Superior en Seguridad e Higiene en el Trabajo\">[+]<\/a><\/p>\n","protected":false},"author":417,"featured_media":0,"parent":0,"menu_order":0,"comment_status":"closed","ping_status":"closed","template":"","meta":[],"acf":[],"_links":{"self":[{"href":"https:\/\/isfdyt83-bue.infd.edu.ar\/sitio\/wp-json\/wp\/v2\/pages\/891"}],"collection":[{"href":"https:\/\/isfdyt83-bue.infd.edu.ar\/sitio\/wp-json\/wp\/v2\/pages"}],"about":[{"href":"https:\/\/isfdyt83-bue.infd.edu.ar\/sitio\/wp-json\/wp\/v2\/types\/page"}],"author":[{"embeddable":true,"href":"https:\/\/isfdyt83-bue.infd.edu.ar\/sitio\/wp-json\/wp\/v2\/users\/417"}],"replies":[{"embeddable":true,"href":"https:\/\/isfdyt83-bue.infd.edu.ar\/sitio\/wp-json\/wp\/v2\/comments?post=891"}],"version-history":[{"count":9,"href":"https:\/\/isfdyt83-bue.infd.edu.ar\/sitio\/wp-json\/wp\/v2\/pages\/891\/revisions"}],"predecessor-version":[{"id":5159,"href":"https:\/\/isfdyt83-bue.infd.edu.ar\/sitio\/wp-json\/wp\/v2\/pages\/891\/revisions\/5159"}],"wp:attachment":[{"href":"https:\/\/isfdyt83-bue.infd.edu.ar\/sitio\/wp-json\/wp\/v2\/media?parent=891"}],"curies":[{"name":"wp","href":"https:\/\/api.w.org\/{rel}","templated":true}]}}