{"id":893,"date":"2018-06-29T17:10:39","date_gmt":"2018-06-29T20:10:39","guid":{"rendered":"https:\/\/isfdyt83-bue.infd.edu.ar\/sitio\/tecnicatura-superior-en-administracion-de-documentos-y-archivos\/"},"modified":"2026-03-10T19:11:18","modified_gmt":"2026-03-10T22:11:18","slug":"tecnicatura-superior-en-logistica","status":"publish","type":"page","link":"https:\/\/isfdyt83-bue.infd.edu.ar\/sitio\/tecnicatura-superior-en-logistica\/","title":{"rendered":"Tecnicatura Superior en Log\u00edstica"},"content":{"rendered":"<div class=\"wp-block-image\">\n<figure class=\"aligncenter size-full is-resized\"><img decoding=\"async\" loading=\"lazy\" src=\"https:\/\/isfdyt83-bue.infd.edu.ar\/sitio\/wp-content\/uploads\/2024\/10\/logistica1.png\" alt=\"\" class=\"wp-image-3762\" width=\"473\" height=\"669\"\/><\/figure><\/div>\n\n<p style=\"text-align: center;\"><span style=\"text-decoration: underline; font-family: 'times new roman', times; font-size: 18pt; color: #00ff00;\"><strong>Tecnicatura Superior en Log\u00edstica<\/strong><\/span><\/p>\n<p style=\"text-align: center;\"><span style=\"font-size: 14pt; font-family: 'times new roman', times; color: #00ff00;\">Duraci\u00f3n 3 A\u00f1os<\/span><\/p>\n<p style=\"text-align: center;\"><span style=\"font-size: 14pt; font-family: 'times new roman', times; color: #00ff00;\">Titulo Oficial<\/span><\/p>\n<p style=\"text-align: center;\"><a href=\"https:\/\/isfdyt83-bue.infd.edu.ar\/sitio\/wp-content\/uploads\/2025\/03\/1557-07-Logistica.pdf\">Dise\u00f1o curricular Plan Viejo<\/a><\/p>\n<p style=\"text-align: center;\"><a href=\"https:\/\/isfdyt83-bue.infd.edu.ar\/sitio\/wp-content\/uploads\/2025\/03\/Logistica-Nuevo-2024_compressed.pdf\">Dise\u00f1o Curricular Plan Nuevo<\/a><\/p>\n<p style=\"text-align: center;\"><a href=\"https:\/\/isfdyt83-bue.infd.edu.ar\/sitio\/wp-content\/uploads\/2025\/03\/correlativas-logistica-Plan-viejo.jpeg\">Correlativas Plan Viejo<\/a><\/p>\n<p style=\"text-align: center;\"><a href=\"https:\/\/isfdyt83-bue.infd.edu.ar\/sitio\/wp-content\/uploads\/2025\/03\/Correlativas-logistica-plan-bueno.png\">Correlativas Plan Nuevo<\/a><\/p>\n<p style=\"text-align: center;\"><a href=\"https:\/\/isfdyt83-bue.infd.edu.ar\/sitio\/wp-content\/uploads\/2026\/03\/HORARIOS-TECNICATURA-EN-LOGISTICA-2026-1.pdf\"><span style=\"color: #00ff00; font-family: 'times new roman', times; font-size: 14pt;\">Horario<\/span><span style=\"color: #00ff00; font-family: 'times new roman', times; font-size: 14pt;\"> de Cursad<\/span><\/a><a href=\"https:\/\/isfdyt83-bue.infd.edu.ar\/sitio\/wp-content\/uploads\/2026\/03\/HORARIOS-TECNICATURA-EN-LOGISTICA-2026.pdf\"><span style=\"color: #00ff00; font-family: 'times new roman', times; font-size: 14pt;\">a <\/span><\/a><\/p>\n<p style=\"text-align: center;\"><span style=\"color: #00ff00; font-family: 'times new roman', times; font-size: 14pt;\">Turno Ma\u00f1ana de 7:40 a 12:15 Hs.\u00a0<\/span><\/p>\n<p style=\"text-align: center;\"><span style=\"font-size: 14pt; font-family: 'times new roman', times; color: #00ff00;\">Av. 893 N\u00b0 4651, S.F.Solano<\/span><\/p>\n<p style=\"text-align: center;\"><span style=\"font-size: 14pt; font-family: 'times new roman', times; color: #00ff00;\"><strong>Preceptor<\/strong><\/span><\/p>\n<p style=\"text-align: center;\"><span style=\"font-size: 14pt; font-family: 'times new roman', times; color: #00ff00;\"><em>Luis Monzon<\/em><\/span><\/p>\n<p>\u00a0<\/p>","protected":false},"excerpt":{"rendered":"<p>Tecnicatura Superior en Log\u00edstica Duraci\u00f3n 3 A\u00f1os Titulo Oficial Dise\u00f1o curricular Plan Viejo Dise\u00f1o Curricular Plan Nuevo Correlativas Plan Viejo Correlativas Plan Nuevo Horario de Cursada Turno Ma\u00f1ana de 7:40 a 12:15 Hs.\u00a0 Av. 893 N\u00b0 4651, S.F.Solano Preceptor Luis Monzon \u00a0<\/p>\n","protected":false},"author":417,"featured_media":0,"parent":0,"menu_order":0,"comment_status":"closed","ping_status":"closed","template":"","meta":[],"acf":[],"_links":{"self":[{"href":"https:\/\/isfdyt83-bue.infd.edu.ar\/sitio\/wp-json\/wp\/v2\/pages\/893"}],"collection":[{"href":"https:\/\/isfdyt83-bue.infd.edu.ar\/sitio\/wp-json\/wp\/v2\/pages"}],"about":[{"href":"https:\/\/isfdyt83-bue.infd.edu.ar\/sitio\/wp-json\/wp\/v2\/types\/page"}],"author":[{"embeddable":true,"href":"https:\/\/isfdyt83-bue.infd.edu.ar\/sitio\/wp-json\/wp\/v2\/users\/417"}],"replies":[{"embeddable":true,"href":"https:\/\/isfdyt83-bue.infd.edu.ar\/sitio\/wp-json\/wp\/v2\/comments?post=893"}],"version-history":[{"count":8,"href":"https:\/\/isfdyt83-bue.infd.edu.ar\/sitio\/wp-json\/wp\/v2\/pages\/893\/revisions"}],"predecessor-version":[{"id":5165,"href":"https:\/\/isfdyt83-bue.infd.edu.ar\/sitio\/wp-json\/wp\/v2\/pages\/893\/revisions\/5165"}],"wp:attachment":[{"href":"https:\/\/isfdyt83-bue.infd.edu.ar\/sitio\/wp-json\/wp\/v2\/media?parent=893"}],"curies":[{"name":"wp","href":"https:\/\/api.w.org\/{rel}","templated":true}]}}