{"id":916,"date":"2018-06-29T17:10:47","date_gmt":"2018-06-29T20:10:47","guid":{"rendered":"https:\/\/isfdyt83-bue.infd.edu.ar\/sitio\/historia\/"},"modified":"2025-03-07T12:09:17","modified_gmt":"2025-03-07T15:09:17","slug":"historia","status":"publish","type":"page","link":"https:\/\/isfdyt83-bue.infd.edu.ar\/sitio\/historia\/","title":{"rendered":"Nuestra Historia &#8211; Edificio Propio"},"content":{"rendered":"<p><span style=\"font-size: 12pt;\"><strong>La historia comienza asi:<\/strong><\/span><\/p>\n<p>En 1986 el se\u00f1or Rafael Verges Morera, presidente del honorable consejo deliberantes de Quilmes, solicit\u00f3 la creaci\u00f3n de un Instituto Superior de Formaci\u00f3n Docente en San Francisco Solano.<br \/>El motivo fue que cursar la carrera docente en establecimientos oficiales significaba un desplazamiento hacia otros centros educativos ubicados en Quilmes, Varela o Adrogu\u00e9, distritos aleda\u00f1os, con la implicancia de costos no accesibles a los aspirantes.<br \/>En la primera instancia el proyecto fue denegado pues la comisi\u00f3n de asesoramiento de la direcci\u00f3n general de escuelas consider\u00f3 que la zona no era adecuada para un instituto de esas caracter\u00edsticas. Sin embargo, tras seguir insistiendo consiguieron el s\u00ed.<br \/>En marzo de 1987, a trav\u00e9s de una pre-inscripci\u00f3n con un total de 114 aspirantes se concret\u00f3 su creaci\u00f3n, iniciando las clases el 8 de junio de ese mismo a\u00f1o.<br \/>La falta de un edificio propio hace que el instituto funcione, seg\u00fan su turno, en distintos lugares: turno vespertino, desde el inicio, en la escuela n\u00ba32, pero para poder funcionar por la ama\u00f1ana fue necesario deambular por distintos anexos como arriba de la farmacia Barruecos o como en la actualidad en las instalaciones de un templo evang\u00e9lico en la calle 846 entre 893 y 894.<\/p>\n<h1 style=\"text-align: center;\"><strong>EDIFICIO PROPIO<\/strong><\/h1>\n<p>\u00a0<\/p>\n<p>Desde la fundacion del Instituto de Formacion Docente y Tecnico N\u00b0 83, de San Francisco Solano, a medida que se incorporaron carreras docentes y tecnicas, se necesito contar con un edificio propio. Muchos a\u00f1os, donde se realizaron distintas gestiones, desde directivos, docentes y estudiantes, no se concreto el tan anhelado sue\u00f1o.<\/p>\n<p>Gracias a una decisi\u00f3n politica, de la Provincia de Buenos Aires y la Municipalidad de Quilmes, se logro contar con uno de los edificios mas importantes del nivel superior, para garantizar el derecho a la educacion de todos los que quieran estudiar.<\/p>\n<p>18\/11\/2021 &#8211; Firma del acuerdo para la construccion de un edificio propio para el ISFD y T N\u00b0 83- El estado presente garantizando derechos para todos y todas.<\/p>\n<p>Gobernador: Dr.\u00a0 Axel Kicillof\u00a0<\/p>\n<p>Intendenta: Mayra Mendoza<\/p>\n<p>Directora del ISFDyT N\u00b0 83 : Claudia Ciarlantini<\/p>\n\n\n<figure class=\"wp-block-gallery has-nested-images columns-default is-cropped wp-block-gallery-1 is-layout-flex\">\n<figure class=\"wp-block-image size-large\"><img decoding=\"async\" loading=\"lazy\" width=\"442\" height=\"301\" data-id=\"2596\"  src=\"https:\/\/isfdyt83-bue.infd.edu.ar\/sitio\/wp-content\/uploads\/2021\/11\/acto3-1.jpg\" alt=\"\" class=\"wp-image-2596\"\/><\/figure>\n\n\n\n<figure class=\"wp-block-image size-large\"><img decoding=\"async\" loading=\"lazy\" width=\"1600\" height=\"1197\" data-id=\"2595\"  src=\"https:\/\/isfdyt83-bue.infd.edu.ar\/sitio\/wp-content\/uploads\/2021\/11\/acto2-1.jpeg\" alt=\"\" class=\"wp-image-2595\" srcset=\"https:\/\/isfdyt83-bue.infd.edu.ar\/sitio\/wp-content\/uploads\/2021\/11\/acto2-1.jpeg 1600w, https:\/\/isfdyt83-bue.infd.edu.ar\/sitio\/wp-content\/uploads\/2021\/11\/acto2-1-1000x748.jpeg 1000w, https:\/\/isfdyt83-bue.infd.edu.ar\/sitio\/wp-content\/uploads\/2021\/11\/acto2-1-768x575.jpeg 768w, https:\/\/isfdyt83-bue.infd.edu.ar\/sitio\/wp-content\/uploads\/2021\/11\/acto2-1-1536x1149.jpeg 1536w\" sizes=\"(max-width: 1600px) 100vw, 1600px\" \/><\/figure>\n\n\n\n<figure class=\"wp-block-image size-large\"><img decoding=\"async\" loading=\"lazy\" width=\"720\" height=\"396\" data-id=\"2594\"  src=\"https:\/\/isfdyt83-bue.infd.edu.ar\/sitio\/wp-content\/uploads\/2021\/11\/Acto1-1.jpeg\" alt=\"\" class=\"wp-image-2594\"\/><\/figure>\n\n\n\n<figure class=\"wp-block-image size-large\"><img decoding=\"async\" loading=\"lazy\" width=\"1076\" height=\"721\" data-id=\"2593\"  src=\"https:\/\/isfdyt83-bue.infd.edu.ar\/sitio\/wp-content\/uploads\/2021\/11\/acto-4-1.jpeg\" alt=\"\" class=\"wp-image-2593\" srcset=\"https:\/\/isfdyt83-bue.infd.edu.ar\/sitio\/wp-content\/uploads\/2021\/11\/acto-4-1.jpeg 1076w, https:\/\/isfdyt83-bue.infd.edu.ar\/sitio\/wp-content\/uploads\/2021\/11\/acto-4-1-1000x670.jpeg 1000w, https:\/\/isfdyt83-bue.infd.edu.ar\/sitio\/wp-content\/uploads\/2021\/11\/acto-4-1-768x515.jpeg 768w\" sizes=\"(max-width: 1076px) 100vw, 1076px\" \/><\/figure>\n\n\n\n<figure class=\"wp-block-image size-large\"><img decoding=\"async\" loading=\"lazy\" width=\"1076\" height=\"724\" data-id=\"2592\"  src=\"https:\/\/isfdyt83-bue.infd.edu.ar\/sitio\/wp-content\/uploads\/2021\/11\/acto-3-1.jpeg\" alt=\"\" class=\"wp-image-2592\" srcset=\"https:\/\/isfdyt83-bue.infd.edu.ar\/sitio\/wp-content\/uploads\/2021\/11\/acto-3-1.jpeg 1076w, https:\/\/isfdyt83-bue.infd.edu.ar\/sitio\/wp-content\/uploads\/2021\/11\/acto-3-1-1000x673.jpeg 1000w, https:\/\/isfdyt83-bue.infd.edu.ar\/sitio\/wp-content\/uploads\/2021\/11\/acto-3-1-768x517.jpeg 768w\" sizes=\"(max-width: 1076px) 100vw, 1076px\" \/><\/figure>\n\n\n\n<figure class=\"wp-block-image size-large\"><img decoding=\"async\" loading=\"lazy\" width=\"442\" height=\"301\" data-id=\"2591\"  src=\"https:\/\/isfdyt83-bue.infd.edu.ar\/sitio\/wp-content\/uploads\/2021\/11\/acto3.jpg\" alt=\"\" class=\"wp-image-2591\"\/><\/figure>\n\n\n\n<figure class=\"wp-block-image size-large\"><img decoding=\"async\" loading=\"lazy\" width=\"1600\" height=\"1197\" data-id=\"2590\"  src=\"https:\/\/isfdyt83-bue.infd.edu.ar\/sitio\/wp-content\/uploads\/2021\/11\/acto2.jpeg\" alt=\"\" class=\"wp-image-2590\" srcset=\"https:\/\/isfdyt83-bue.infd.edu.ar\/sitio\/wp-content\/uploads\/2021\/11\/acto2.jpeg 1600w, https:\/\/isfdyt83-bue.infd.edu.ar\/sitio\/wp-content\/uploads\/2021\/11\/acto2-1000x748.jpeg 1000w, https:\/\/isfdyt83-bue.infd.edu.ar\/sitio\/wp-content\/uploads\/2021\/11\/acto2-768x575.jpeg 768w, https:\/\/isfdyt83-bue.infd.edu.ar\/sitio\/wp-content\/uploads\/2021\/11\/acto2-1536x1149.jpeg 1536w\" sizes=\"(max-width: 1600px) 100vw, 1600px\" \/><\/figure>\n\n\n\n<figure class=\"wp-block-image size-large\"><img decoding=\"async\" loading=\"lazy\" width=\"720\" height=\"396\" data-id=\"2589\"  src=\"https:\/\/isfdyt83-bue.infd.edu.ar\/sitio\/wp-content\/uploads\/2021\/11\/Acto1.jpeg\" alt=\"\" class=\"wp-image-2589\"\/><\/figure>\n\n\n\n<figure class=\"wp-block-image size-large\"><img decoding=\"async\" loading=\"lazy\" width=\"1076\" height=\"721\" data-id=\"2588\"  src=\"https:\/\/isfdyt83-bue.infd.edu.ar\/sitio\/wp-content\/uploads\/2021\/11\/acto-4.jpeg\" alt=\"\" class=\"wp-image-2588\" srcset=\"https:\/\/isfdyt83-bue.infd.edu.ar\/sitio\/wp-content\/uploads\/2021\/11\/acto-4.jpeg 1076w, https:\/\/isfdyt83-bue.infd.edu.ar\/sitio\/wp-content\/uploads\/2021\/11\/acto-4-1000x670.jpeg 1000w, https:\/\/isfdyt83-bue.infd.edu.ar\/sitio\/wp-content\/uploads\/2021\/11\/acto-4-768x515.jpeg 768w\" sizes=\"(max-width: 1076px) 100vw, 1076px\" \/><\/figure>\n\n\n\n<figure class=\"wp-block-image size-large\"><img decoding=\"async\" loading=\"lazy\" width=\"1076\" height=\"724\" data-id=\"2587\"  src=\"https:\/\/isfdyt83-bue.infd.edu.ar\/sitio\/wp-content\/uploads\/2021\/11\/acto-3.jpeg\" alt=\"\" class=\"wp-image-2587\" srcset=\"https:\/\/isfdyt83-bue.infd.edu.ar\/sitio\/wp-content\/uploads\/2021\/11\/acto-3.jpeg 1076w, https:\/\/isfdyt83-bue.infd.edu.ar\/sitio\/wp-content\/uploads\/2021\/11\/acto-3-1000x673.jpeg 1000w, https:\/\/isfdyt83-bue.infd.edu.ar\/sitio\/wp-content\/uploads\/2021\/11\/acto-3-768x517.jpeg 768w\" sizes=\"(max-width: 1076px) 100vw, 1076px\" \/><\/figure>\n<\/figure>\n\n\n\n<p><\/p>\n\n\n\n<p class=\"has-text-align-center\">Aprobacion del Proyecto y cesi\u00f3n de los terrenos en el Honorable Concejo Deliberante de Quilmes.<\/p>\n\n\n\n<figure class=\"wp-block-gallery has-nested-images columns-default is-cropped wp-block-gallery-3 is-layout-flex\">\n<figure class=\"wp-block-image size-large\"><img decoding=\"async\" loading=\"lazy\" width=\"1600\" height=\"1201\" data-id=\"2841\"  src=\"https:\/\/isfdyt83-bue.infd.edu.ar\/sitio\/wp-content\/uploads\/2022\/08\/hcd1.jpeg\" alt=\"\" class=\"wp-image-2841\" srcset=\"https:\/\/isfdyt83-bue.infd.edu.ar\/sitio\/wp-content\/uploads\/2022\/08\/hcd1.jpeg 1600w, https:\/\/isfdyt83-bue.infd.edu.ar\/sitio\/wp-content\/uploads\/2022\/08\/hcd1-1000x751.jpeg 1000w, https:\/\/isfdyt83-bue.infd.edu.ar\/sitio\/wp-content\/uploads\/2022\/08\/hcd1-768x576.jpeg 768w, https:\/\/isfdyt83-bue.infd.edu.ar\/sitio\/wp-content\/uploads\/2022\/08\/hcd1-1536x1153.jpeg 1536w\" sizes=\"(max-width: 1600px) 100vw, 1600px\" \/><\/figure>\n\n\n\n<figure class=\"wp-block-image size-large\"><img decoding=\"async\" loading=\"lazy\" width=\"473\" height=\"1052\" data-id=\"2840\"  src=\"https:\/\/isfdyt83-bue.infd.edu.ar\/sitio\/wp-content\/uploads\/2022\/08\/hcd-3.jpeg\" alt=\"\" class=\"wp-image-2840\" srcset=\"https:\/\/isfdyt83-bue.infd.edu.ar\/sitio\/wp-content\/uploads\/2022\/08\/hcd-3.jpeg 473w, https:\/\/isfdyt83-bue.infd.edu.ar\/sitio\/wp-content\/uploads\/2022\/08\/hcd-3-450x1000.jpeg 450w\" sizes=\"(max-width: 473px) 100vw, 473px\" \/><\/figure>\n\n\n\n<figure class=\"wp-block-image size-large\"><img decoding=\"async\" loading=\"lazy\" width=\"473\" height=\"1052\" data-id=\"2839\"  src=\"https:\/\/isfdyt83-bue.infd.edu.ar\/sitio\/wp-content\/uploads\/2022\/08\/hcd-2.jpeg\" alt=\"\" class=\"wp-image-2839\" srcset=\"https:\/\/isfdyt83-bue.infd.edu.ar\/sitio\/wp-content\/uploads\/2022\/08\/hcd-2.jpeg 473w, https:\/\/isfdyt83-bue.infd.edu.ar\/sitio\/wp-content\/uploads\/2022\/08\/hcd-2-450x1000.jpeg 450w\" sizes=\"(max-width: 473px) 100vw, 473px\" \/><\/figure>\n<\/figure>\n\n\n\n<figure class=\"wp-block-image size-full\"><img decoding=\"async\" loading=\"lazy\" width=\"1600\" height=\"1201\" src=\"https:\/\/isfdyt83-bue.infd.edu.ar\/sitio\/wp-content\/uploads\/2022\/08\/hdc-1.jpeg\" alt=\"\" class=\"wp-image-2842\" srcset=\"https:\/\/isfdyt83-bue.infd.edu.ar\/sitio\/wp-content\/uploads\/2022\/08\/hdc-1.jpeg 1600w, https:\/\/isfdyt83-bue.infd.edu.ar\/sitio\/wp-content\/uploads\/2022\/08\/hdc-1-1000x751.jpeg 1000w, https:\/\/isfdyt83-bue.infd.edu.ar\/sitio\/wp-content\/uploads\/2022\/08\/hdc-1-768x576.jpeg 768w, https:\/\/isfdyt83-bue.infd.edu.ar\/sitio\/wp-content\/uploads\/2022\/08\/hdc-1-1536x1153.jpeg 1536w\" sizes=\"(max-width: 1600px) 100vw, 1600px\" \/><\/figure>\n\n\n\n<p><\/p>\n\n\n\n<p class=\"has-text-align-center\">LICITACION DE LA OBRA<\/p>\n\n\n\n<figure class=\"wp-block-gallery has-nested-images columns-default is-cropped wp-block-gallery-5 is-layout-flex\">\n<figure class=\"wp-block-image size-large\"><img decoding=\"async\" loading=\"lazy\" width=\"1280\" height=\"757\" data-id=\"2712\"  src=\"https:\/\/isfdyt83-bue.infd.edu.ar\/sitio\/wp-content\/uploads\/2022\/03\/WhatsApp-Image-2022-03-28-at-11.33.55.jpeg\" alt=\"\" class=\"wp-image-2712\" srcset=\"https:\/\/isfdyt83-bue.infd.edu.ar\/sitio\/wp-content\/uploads\/2022\/03\/WhatsApp-Image-2022-03-28-at-11.33.55.jpeg 1280w, https:\/\/isfdyt83-bue.infd.edu.ar\/sitio\/wp-content\/uploads\/2022\/03\/WhatsApp-Image-2022-03-28-at-11.33.55-1000x591.jpeg 1000w, https:\/\/isfdyt83-bue.infd.edu.ar\/sitio\/wp-content\/uploads\/2022\/03\/WhatsApp-Image-2022-03-28-at-11.33.55-768x454.jpeg 768w\" sizes=\"(max-width: 1280px) 100vw, 1280px\" \/><\/figure>\n\n\n\n<figure class=\"wp-block-image size-large\"><img decoding=\"async\" loading=\"lazy\" width=\"1600\" height=\"720\" data-id=\"2711\"  src=\"https:\/\/isfdyt83-bue.infd.edu.ar\/sitio\/wp-content\/uploads\/2022\/03\/WhatsApp-Image-2022-03-28-at-11.33.44.jpeg\" alt=\"\" class=\"wp-image-2711\" srcset=\"https:\/\/isfdyt83-bue.infd.edu.ar\/sitio\/wp-content\/uploads\/2022\/03\/WhatsApp-Image-2022-03-28-at-11.33.44.jpeg 1600w, https:\/\/isfdyt83-bue.infd.edu.ar\/sitio\/wp-content\/uploads\/2022\/03\/WhatsApp-Image-2022-03-28-at-11.33.44-1000x450.jpeg 1000w, https:\/\/isfdyt83-bue.infd.edu.ar\/sitio\/wp-content\/uploads\/2022\/03\/WhatsApp-Image-2022-03-28-at-11.33.44-768x346.jpeg 768w, https:\/\/isfdyt83-bue.infd.edu.ar\/sitio\/wp-content\/uploads\/2022\/03\/WhatsApp-Image-2022-03-28-at-11.33.44-1536x691.jpeg 1536w\" sizes=\"(max-width: 1600px) 100vw, 1600px\" \/><\/figure>\n\n\n\n<figure class=\"wp-block-image size-large\"><img decoding=\"async\" loading=\"lazy\" width=\"1600\" height=\"720\" data-id=\"2710\"  src=\"https:\/\/isfdyt83-bue.infd.edu.ar\/sitio\/wp-content\/uploads\/2022\/03\/WhatsApp-Image-2022-03-28-at-11.33.43-2.jpeg\" alt=\"\" class=\"wp-image-2710\" srcset=\"https:\/\/isfdyt83-bue.infd.edu.ar\/sitio\/wp-content\/uploads\/2022\/03\/WhatsApp-Image-2022-03-28-at-11.33.43-2.jpeg 1600w, https:\/\/isfdyt83-bue.infd.edu.ar\/sitio\/wp-content\/uploads\/2022\/03\/WhatsApp-Image-2022-03-28-at-11.33.43-2-1000x450.jpeg 1000w, https:\/\/isfdyt83-bue.infd.edu.ar\/sitio\/wp-content\/uploads\/2022\/03\/WhatsApp-Image-2022-03-28-at-11.33.43-2-768x346.jpeg 768w, https:\/\/isfdyt83-bue.infd.edu.ar\/sitio\/wp-content\/uploads\/2022\/03\/WhatsApp-Image-2022-03-28-at-11.33.43-2-1536x691.jpeg 1536w\" sizes=\"(max-width: 1600px) 100vw, 1600px\" \/><\/figure>\n\n\n\n<figure class=\"wp-block-image size-large\"><img decoding=\"async\" loading=\"lazy\" width=\"1600\" height=\"720\" data-id=\"2709\"  src=\"https:\/\/isfdyt83-bue.infd.edu.ar\/sitio\/wp-content\/uploads\/2022\/03\/WhatsApp-Image-2022-03-28-at-11.33.43-1.jpeg\" alt=\"\" class=\"wp-image-2709\" srcset=\"https:\/\/isfdyt83-bue.infd.edu.ar\/sitio\/wp-content\/uploads\/2022\/03\/WhatsApp-Image-2022-03-28-at-11.33.43-1.jpeg 1600w, https:\/\/isfdyt83-bue.infd.edu.ar\/sitio\/wp-content\/uploads\/2022\/03\/WhatsApp-Image-2022-03-28-at-11.33.43-1-1000x450.jpeg 1000w, https:\/\/isfdyt83-bue.infd.edu.ar\/sitio\/wp-content\/uploads\/2022\/03\/WhatsApp-Image-2022-03-28-at-11.33.43-1-768x346.jpeg 768w, https:\/\/isfdyt83-bue.infd.edu.ar\/sitio\/wp-content\/uploads\/2022\/03\/WhatsApp-Image-2022-03-28-at-11.33.43-1-1536x691.jpeg 1536w\" sizes=\"(max-width: 1600px) 100vw, 1600px\" \/><\/figure>\n\n\n\n<figure class=\"wp-block-image size-large\"><img decoding=\"async\" loading=\"lazy\" width=\"1600\" height=\"720\" data-id=\"2708\"  src=\"https:\/\/isfdyt83-bue.infd.edu.ar\/sitio\/wp-content\/uploads\/2022\/03\/WhatsApp-Image-2022-03-28-at-11.33.42.jpeg\" alt=\"\" class=\"wp-image-2708\" srcset=\"https:\/\/isfdyt83-bue.infd.edu.ar\/sitio\/wp-content\/uploads\/2022\/03\/WhatsApp-Image-2022-03-28-at-11.33.42.jpeg 1600w, https:\/\/isfdyt83-bue.infd.edu.ar\/sitio\/wp-content\/uploads\/2022\/03\/WhatsApp-Image-2022-03-28-at-11.33.42-1000x450.jpeg 1000w, https:\/\/isfdyt83-bue.infd.edu.ar\/sitio\/wp-content\/uploads\/2022\/03\/WhatsApp-Image-2022-03-28-at-11.33.42-768x346.jpeg 768w, https:\/\/isfdyt83-bue.infd.edu.ar\/sitio\/wp-content\/uploads\/2022\/03\/WhatsApp-Image-2022-03-28-at-11.33.42-1536x691.jpeg 1536w\" sizes=\"(max-width: 1600px) 100vw, 1600px\" \/><\/figure>\n<\/figure>\n\n\n\n<p class=\"has-text-align-center\">INICIOS DE LA OBRA<\/p>\n\n\n\n<figure class=\"wp-block-gallery has-nested-images columns-default is-cropped wp-block-gallery-7 is-layout-flex\">\n<figure class=\"wp-block-image size-large\"><img decoding=\"async\" loading=\"lazy\" width=\"1425\" height=\"1900\" data-id=\"3226\"  src=\"https:\/\/isfdyt83-bue.infd.edu.ar\/sitio\/wp-content\/uploads\/2023\/03\/20230322_110325-1425x1900.jpg\" alt=\"\" class=\"wp-image-3226\" srcset=\"https:\/\/isfdyt83-bue.infd.edu.ar\/sitio\/wp-content\/uploads\/2023\/03\/20230322_110325-1425x1900.jpg 1425w, https:\/\/isfdyt83-bue.infd.edu.ar\/sitio\/wp-content\/uploads\/2023\/03\/20230322_110325-750x1000.jpg 750w, https:\/\/isfdyt83-bue.infd.edu.ar\/sitio\/wp-content\/uploads\/2023\/03\/20230322_110325-768x1024.jpg 768w, https:\/\/isfdyt83-bue.infd.edu.ar\/sitio\/wp-content\/uploads\/2023\/03\/20230322_110325-1152x1536.jpg 1152w, https:\/\/isfdyt83-bue.infd.edu.ar\/sitio\/wp-content\/uploads\/2023\/03\/20230322_110325-1536x2048.jpg 1536w, https:\/\/isfdyt83-bue.infd.edu.ar\/sitio\/wp-content\/uploads\/2023\/03\/20230322_110325-scaled.jpg 1920w\" sizes=\"(max-width: 1425px) 100vw, 1425px\" \/><\/figure>\n\n\n\n<figure class=\"wp-block-image size-large\"><img decoding=\"async\" loading=\"lazy\" width=\"1900\" height=\"1425\" data-id=\"3225\"  src=\"https:\/\/isfdyt83-bue.infd.edu.ar\/sitio\/wp-content\/uploads\/2023\/03\/20230322_110259-1900x1425.jpg\" alt=\"\" class=\"wp-image-3225\" srcset=\"https:\/\/isfdyt83-bue.infd.edu.ar\/sitio\/wp-content\/uploads\/2023\/03\/20230322_110259-1900x1425.jpg 1900w, https:\/\/isfdyt83-bue.infd.edu.ar\/sitio\/wp-content\/uploads\/2023\/03\/20230322_110259-1000x750.jpg 1000w, https:\/\/isfdyt83-bue.infd.edu.ar\/sitio\/wp-content\/uploads\/2023\/03\/20230322_110259-768x576.jpg 768w, https:\/\/isfdyt83-bue.infd.edu.ar\/sitio\/wp-content\/uploads\/2023\/03\/20230322_110259-1536x1152.jpg 1536w, https:\/\/isfdyt83-bue.infd.edu.ar\/sitio\/wp-content\/uploads\/2023\/03\/20230322_110259-2048x1536.jpg 2048w\" sizes=\"(max-width: 1900px) 100vw, 1900px\" \/><\/figure>\n\n\n\n<figure class=\"wp-block-image size-large\"><img decoding=\"async\" loading=\"lazy\" width=\"1900\" height=\"1425\" data-id=\"3224\"  src=\"https:\/\/isfdyt83-bue.infd.edu.ar\/sitio\/wp-content\/uploads\/2023\/03\/20230322_110305-1900x1425.jpg\" alt=\"\" class=\"wp-image-3224\" srcset=\"https:\/\/isfdyt83-bue.infd.edu.ar\/sitio\/wp-content\/uploads\/2023\/03\/20230322_110305-1900x1425.jpg 1900w, https:\/\/isfdyt83-bue.infd.edu.ar\/sitio\/wp-content\/uploads\/2023\/03\/20230322_110305-1000x750.jpg 1000w, https:\/\/isfdyt83-bue.infd.edu.ar\/sitio\/wp-content\/uploads\/2023\/03\/20230322_110305-768x576.jpg 768w, https:\/\/isfdyt83-bue.infd.edu.ar\/sitio\/wp-content\/uploads\/2023\/03\/20230322_110305-1536x1152.jpg 1536w, https:\/\/isfdyt83-bue.infd.edu.ar\/sitio\/wp-content\/uploads\/2023\/03\/20230322_110305-2048x1536.jpg 2048w\" sizes=\"(max-width: 1900px) 100vw, 1900px\" \/><\/figure>\n\n\n\n<figure class=\"wp-block-image size-large\"><img decoding=\"async\" loading=\"lazy\" width=\"1900\" height=\"1425\" data-id=\"3221\"  src=\"https:\/\/isfdyt83-bue.infd.edu.ar\/sitio\/wp-content\/uploads\/2023\/03\/20230322_110301-1900x1425.jpg\" alt=\"\" class=\"wp-image-3221\" srcset=\"https:\/\/isfdyt83-bue.infd.edu.ar\/sitio\/wp-content\/uploads\/2023\/03\/20230322_110301-1900x1425.jpg 1900w, https:\/\/isfdyt83-bue.infd.edu.ar\/sitio\/wp-content\/uploads\/2023\/03\/20230322_110301-1000x750.jpg 1000w, https:\/\/isfdyt83-bue.infd.edu.ar\/sitio\/wp-content\/uploads\/2023\/03\/20230322_110301-768x576.jpg 768w, https:\/\/isfdyt83-bue.infd.edu.ar\/sitio\/wp-content\/uploads\/2023\/03\/20230322_110301-1536x1152.jpg 1536w, https:\/\/isfdyt83-bue.infd.edu.ar\/sitio\/wp-content\/uploads\/2023\/03\/20230322_110301-2048x1536.jpg 2048w\" sizes=\"(max-width: 1900px) 100vw, 1900px\" \/><\/figure>\n\n\n\n<figure class=\"wp-block-image size-large\"><img decoding=\"async\" loading=\"lazy\" width=\"1900\" height=\"1425\" data-id=\"3220\"  src=\"https:\/\/isfdyt83-bue.infd.edu.ar\/sitio\/wp-content\/uploads\/2023\/03\/20230322_110316-1900x1425.jpg\" alt=\"\" class=\"wp-image-3220\" srcset=\"https:\/\/isfdyt83-bue.infd.edu.ar\/sitio\/wp-content\/uploads\/2023\/03\/20230322_110316-1900x1425.jpg 1900w, https:\/\/isfdyt83-bue.infd.edu.ar\/sitio\/wp-content\/uploads\/2023\/03\/20230322_110316-1000x750.jpg 1000w, https:\/\/isfdyt83-bue.infd.edu.ar\/sitio\/wp-content\/uploads\/2023\/03\/20230322_110316-768x576.jpg 768w, https:\/\/isfdyt83-bue.infd.edu.ar\/sitio\/wp-content\/uploads\/2023\/03\/20230322_110316-1536x1152.jpg 1536w, https:\/\/isfdyt83-bue.infd.edu.ar\/sitio\/wp-content\/uploads\/2023\/03\/20230322_110316-2048x1536.jpg 2048w\" sizes=\"(max-width: 1900px) 100vw, 1900px\" \/><\/figure>\n\n\n\n<figure class=\"wp-block-image size-large\"><img decoding=\"async\" loading=\"lazy\" width=\"1425\" height=\"1900\" data-id=\"3222\"  src=\"https:\/\/isfdyt83-bue.infd.edu.ar\/sitio\/wp-content\/uploads\/2023\/03\/20230322_110252-1425x1900.jpg\" alt=\"\" class=\"wp-image-3222\" srcset=\"https:\/\/isfdyt83-bue.infd.edu.ar\/sitio\/wp-content\/uploads\/2023\/03\/20230322_110252-1425x1900.jpg 1425w, https:\/\/isfdyt83-bue.infd.edu.ar\/sitio\/wp-content\/uploads\/2023\/03\/20230322_110252-750x1000.jpg 750w, https:\/\/isfdyt83-bue.infd.edu.ar\/sitio\/wp-content\/uploads\/2023\/03\/20230322_110252-768x1024.jpg 768w, https:\/\/isfdyt83-bue.infd.edu.ar\/sitio\/wp-content\/uploads\/2023\/03\/20230322_110252-1152x1536.jpg 1152w, https:\/\/isfdyt83-bue.infd.edu.ar\/sitio\/wp-content\/uploads\/2023\/03\/20230322_110252-1536x2048.jpg 1536w, https:\/\/isfdyt83-bue.infd.edu.ar\/sitio\/wp-content\/uploads\/2023\/03\/20230322_110252-scaled.jpg 1920w\" sizes=\"(max-width: 1425px) 100vw, 1425px\" \/><\/figure>\n\n\n\n<figure class=\"wp-block-image size-large\"><img decoding=\"async\" loading=\"lazy\" width=\"1900\" height=\"1425\" data-id=\"3223\"  src=\"https:\/\/isfdyt83-bue.infd.edu.ar\/sitio\/wp-content\/uploads\/2023\/03\/20230322_110313-1900x1425.jpg\" alt=\"\" class=\"wp-image-3223\" srcset=\"https:\/\/isfdyt83-bue.infd.edu.ar\/sitio\/wp-content\/uploads\/2023\/03\/20230322_110313-1900x1425.jpg 1900w, https:\/\/isfdyt83-bue.infd.edu.ar\/sitio\/wp-content\/uploads\/2023\/03\/20230322_110313-1000x750.jpg 1000w, https:\/\/isfdyt83-bue.infd.edu.ar\/sitio\/wp-content\/uploads\/2023\/03\/20230322_110313-768x576.jpg 768w, https:\/\/isfdyt83-bue.infd.edu.ar\/sitio\/wp-content\/uploads\/2023\/03\/20230322_110313-1536x1152.jpg 1536w, https:\/\/isfdyt83-bue.infd.edu.ar\/sitio\/wp-content\/uploads\/2023\/03\/20230322_110313-2048x1536.jpg 2048w\" sizes=\"(max-width: 1900px) 100vw, 1900px\" \/><\/figure>\n<\/figure>\n\n\n\n<p><\/p>\n","protected":false},"excerpt":{"rendered":"<p>La historia comienza asi: En 1986 el se\u00f1or Rafael Verges Morera, presidente del honorable consejo deliberantes de Quilmes, solicit\u00f3 la creaci\u00f3n de un Instituto Superior de Formaci\u00f3n Docente en San Francisco Solano.El motivo fue que cursar la carrera docente en establecimientos oficiales significaba un desplazamiento hacia otros centros educativos ubicados en Quilmes, Varela o Adrogu\u00e9, &#8230; <a title=\"Nuestra Historia &#8211; Edificio Propio\" class=\"read-more\" href=\"https:\/\/isfdyt83-bue.infd.edu.ar\/sitio\/historia\/\" aria-label=\"More on Nuestra Historia &#8211; Edificio Propio\">[+]<\/a><\/p>\n","protected":false},"author":417,"featured_media":0,"parent":0,"menu_order":0,"comment_status":"closed","ping_status":"closed","template":"","meta":[],"acf":[],"_links":{"self":[{"href":"https:\/\/isfdyt83-bue.infd.edu.ar\/sitio\/wp-json\/wp\/v2\/pages\/916"}],"collection":[{"href":"https:\/\/isfdyt83-bue.infd.edu.ar\/sitio\/wp-json\/wp\/v2\/pages"}],"about":[{"href":"https:\/\/isfdyt83-bue.infd.edu.ar\/sitio\/wp-json\/wp\/v2\/types\/page"}],"author":[{"embeddable":true,"href":"https:\/\/isfdyt83-bue.infd.edu.ar\/sitio\/wp-json\/wp\/v2\/users\/417"}],"replies":[{"embeddable":true,"href":"https:\/\/isfdyt83-bue.infd.edu.ar\/sitio\/wp-json\/wp\/v2\/comments?post=916"}],"version-history":[{"count":5,"href":"https:\/\/isfdyt83-bue.infd.edu.ar\/sitio\/wp-json\/wp\/v2\/pages\/916\/revisions"}],"predecessor-version":[{"id":4522,"href":"https:\/\/isfdyt83-bue.infd.edu.ar\/sitio\/wp-json\/wp\/v2\/pages\/916\/revisions\/4522"}],"wp:attachment":[{"href":"https:\/\/isfdyt83-bue.infd.edu.ar\/sitio\/wp-json\/wp\/v2\/media?parent=916"}],"curies":[{"name":"wp","href":"https:\/\/api.w.org\/{rel}","templated":true}]}}