{"id":953,"date":"2018-07-26T14:10:00","date_gmt":"2018-07-26T17:10:00","guid":{"rendered":"https:\/\/isfdyt83-bue.infd.edu.ar\/sitio\/?page_id=953"},"modified":"2026-03-10T15:29:30","modified_gmt":"2026-03-10T18:29:30","slug":"profesorado-para-tecnicos","status":"publish","type":"page","link":"https:\/\/isfdyt83-bue.infd.edu.ar\/sitio\/profesorado-para-tecnicos\/","title":{"rendered":"Tecnicatura Superior en Turismo"},"content":{"rendered":"<div class=\"wp-block-image\">\n<figure class=\"aligncenter size-full is-resized\"><img decoding=\"async\" loading=\"lazy\" src=\"https:\/\/isfdyt83-bue.infd.edu.ar\/sitio\/wp-content\/uploads\/2024\/10\/turismo1.png\" alt=\"\" class=\"wp-image-3763\" width=\"470\" height=\"659\"\/><\/figure><\/div>\n\n<p>\u00a0<\/p>\n<p style=\"text-align: center;\"><em><strong>T\u00e9cnico Superior en Turismo<\/strong><\/em><\/p>\n<p style=\"text-align: center;\">Duraci\u00f3n 3 A\u00f1os<\/p>\n<p style=\"text-align: center;\">Titulo Oficial<\/p>\n<p style=\"text-align: center;\"><a href=\"https:\/\/isfdyt83-bue.infd.edu.ar\/sitio\/wp-content\/uploads\/2025\/03\/TS-en-Turismo-Res.-2686-20-y-Anexo.pdf\">Dise\u00f1o Curricular\u00a0<\/a><\/p>\n<p style=\"text-align: center;\"><a href=\"https:\/\/isfdyt83-bue.infd.edu.ar\/sitio\/wp-content\/uploads\/2025\/03\/correlativas-Turismo.png\">Correlativas<\/a><\/p>\n<p style=\"text-align: center;\"><a href=\"https:\/\/isfdyt83-bue.infd.edu.ar\/sitio\/wp-content\/uploads\/2026\/03\/HORARIOS-TECNICATURA-EN-TURISMO-2026.pdf\">Horario de Cursada<\/a><\/p>\n<p style=\"text-align: center;\"><span style=\"color: #99cc00;\">Turno Ma\u00f1ana de Lunes a Viernes de 7:40 a 12:10 Hs.\u00a0<\/span><\/p>\n<p style=\"text-align: center;\">Av. 893 Nro. 4651 \u2013 S.F.Solano\u00a0\u00a0<\/p>\n<p style=\"text-align: center;\"><strong>Preceptora<\/strong><\/p>\n<p style=\"text-align: center;\">Heike Callegari<\/p>","protected":false},"excerpt":{"rendered":"<p>\u00a0 T\u00e9cnico Superior en Turismo Duraci\u00f3n 3 A\u00f1os Titulo Oficial Dise\u00f1o Curricular\u00a0 Correlativas Horario de Cursada Turno Ma\u00f1ana de Lunes a Viernes de 7:40 a 12:10 Hs.\u00a0 Av. 893 Nro. 4651 \u2013 S.F.Solano\u00a0\u00a0 Preceptora Heike Callegari<\/p>\n","protected":false},"author":417,"featured_media":0,"parent":0,"menu_order":0,"comment_status":"closed","ping_status":"closed","template":"","meta":[],"acf":[],"_links":{"self":[{"href":"https:\/\/isfdyt83-bue.infd.edu.ar\/sitio\/wp-json\/wp\/v2\/pages\/953"}],"collection":[{"href":"https:\/\/isfdyt83-bue.infd.edu.ar\/sitio\/wp-json\/wp\/v2\/pages"}],"about":[{"href":"https:\/\/isfdyt83-bue.infd.edu.ar\/sitio\/wp-json\/wp\/v2\/types\/page"}],"author":[{"embeddable":true,"href":"https:\/\/isfdyt83-bue.infd.edu.ar\/sitio\/wp-json\/wp\/v2\/users\/417"}],"replies":[{"embeddable":true,"href":"https:\/\/isfdyt83-bue.infd.edu.ar\/sitio\/wp-json\/wp\/v2\/comments?post=953"}],"version-history":[{"count":6,"href":"https:\/\/isfdyt83-bue.infd.edu.ar\/sitio\/wp-json\/wp\/v2\/pages\/953\/revisions"}],"predecessor-version":[{"id":5156,"href":"https:\/\/isfdyt83-bue.infd.edu.ar\/sitio\/wp-json\/wp\/v2\/pages\/953\/revisions\/5156"}],"wp:attachment":[{"href":"https:\/\/isfdyt83-bue.infd.edu.ar\/sitio\/wp-json\/wp\/v2\/media?parent=953"}],"curies":[{"name":"wp","href":"https:\/\/api.w.org\/{rel}","templated":true}]}}